{"id":421,"date":"2023-11-23T16:14:52","date_gmt":"2023-11-23T15:14:52","guid":{"rendered":"https:\/\/staging.ethicaline.eu\/?page_id=421"},"modified":"2023-12-05T12:03:07","modified_gmt":"2023-12-05T11:03:07","slug":"faq","status":"publish","type":"page","link":"https:\/\/ethicaline.fr\/fr\/faq\/","title":{"rendered":"F.A.Q"},"content":{"rendered":"\n<div style=\"height:150px\" aria-hidden=\"true\" class=\"wp-block-spacer\"><\/div>\n\n\n\n<div id=\"wp-block-themeisle-blocks-advanced-columns-472bc45c\" class=\"wp-block-themeisle-blocks-advanced-columns has-1-columns has-desktop-equal-layout has-tablet-equal-layout has-mobile-equal-layout has-vertical-unset\"><div class=\"wp-block-themeisle-blocks-advanced-columns-overlay\"><\/div><div class=\"innerblocks-wrap\">\n<div id=\"wp-block-themeisle-blocks-advanced-column-656c53a0\" class=\"wp-block-themeisle-blocks-advanced-column\">\n<div class=\"wp-block-group is-vertical is-layout-flex wp-container-core-group-is-layout-8cf370e7 wp-block-group-is-layout-flex\">\n<h5>\n    <div class=\"slidingVertical\">\n      <span>. F.A.Q.<\/span>\n      <span>. R\u00e9glementations<\/span>\n      <span>. Actualit\u00e9s r\u00e9glementaires<\/span>\n      <span>. Lois<\/span>\n      <span>. Directives<\/span>\n    <\/div>\n<\/h5>\n\n\n\n<h1 class=\"wp-block-heading has-neve-link-hover-color-color has-text-color has-link-color wp-elements-681a50ffb4fc12a37571017b64e69e4b\" style=\"font-size:65px\">Conformit\u00e9 &amp;<br><mark style=\"background-color:rgba(0, 0, 0, 0)\" class=\"has-inline-color has-neve-link-color-color\">R\u00e9glementations<\/mark><\/h1>\n<\/div>\n<\/div>\n<\/div><\/div>\n\n\n\n<div style=\"height:41px\" aria-hidden=\"true\" class=\"wp-block-spacer\"><\/div>\n\n\n\n<div class=\"wp-block-columns is-layout-flex wp-container-core-columns-is-layout-9d6595d7 wp-block-columns-is-layout-flex\">\n<div class=\"wp-block-column is-layout-flow wp-block-column-is-layout-flow\" style=\"flex-basis:10%\"><\/div>\n\n\n\n<div class=\"wp-block-column is-layout-flow wp-block-column-is-layout-flow\" style=\"flex-basis:70%\">\n<div class=\"wp-block-group is-vertical is-layout-flex wp-container-core-group-is-layout-8cf370e7 wp-block-group-is-layout-flex\">\n<div class=\"wp-block-group is-vertical is-layout-flex wp-container-core-group-is-layout-8cf370e7 wp-block-group-is-layout-flex\">\n<h3 class=\"wp-block-heading has-neve-link-hover-color-color has-text-color has-link-color wp-elements-03854c26658bda2a58e119393b6ed937\"><em>Pour tout conna\u00eetre sur les obligations<\/em><br><em>r\u00e9glementaires en mati\u00e8re de <\/em>Conformit\u00e9 &#8211; Ethique, Risques, RSE, AML, GDPR,&#8230;<\/h3>\n<\/div>\n<\/div>\n<\/div>\n<\/div>\n\n\n\n<div class=\"wp-block-columns is-layout-flex wp-container-core-columns-is-layout-9d6595d7 wp-block-columns-is-layout-flex\">\n<div class=\"wp-block-column is-layout-flow wp-block-column-is-layout-flow\" style=\"flex-basis:10%\"><\/div>\n\n\n\n<div class=\"wp-block-column is-layout-flow wp-block-column-is-layout-flow\" style=\"flex-basis:75%\">\n<div id=\"wp-block-themeisle-blocks-accordion-f3351e16\" data-has-schema=\"true\" class=\"wp-block-themeisle-blocks-accordion has-gap icon-first is-style-default\">\n<details class=\"wp-block-themeisle-blocks-accordion-item\"><summary class=\"wp-block-themeisle-blocks-accordion-item__title\"><div>Directive Europ\u00e9enne sur les Lanceurs d&rsquo;alerte<\/div><\/summary><div class=\"wp-block-themeisle-blocks-accordion-item__content\">\n<p>Depuis avril 2019, L\u2019Union Europ\u00e9enne a adopt\u00e9 une nouvelle directive encadrant l\u2019activit\u00e9 et le r\u00f4le du lanceur d\u2019alertes, acteur participant \u00e0 la transparence et l\u2019\u00e9thique dans les affaires et dans la protection de l\u2019int\u00e9r\u00eat g\u00e9n\u00e9ral.<\/p>\n\n\n\n<p>La directive d\u00e9finit notamment les domaines dans lesquels les lanceurs d\u2019alertes peuvent contribuer \u00e0 d\u00e9fendre l\u2019int\u00e9r\u00eat g\u00e9n\u00e9ral, tel que march\u00e9s publics, sant\u00e9 public, s\u00fbret\u00e9, protection des consommateurs, protection des donn\u00e9es \u00e0 caract\u00e8re personnel.<\/p>\n\n\n\n<p>La directive \u00e9dicte par ailleurs l\u2019obligation pour toute entreprise de plus de 50 salari\u00e9s, de mettre en place un dispositif de recueil et de traitement des signalements \u00e9mis par les salari\u00e9s.<\/p>\n\n\n\n<p>Enfin, la directive europ\u00e9enne instaure une protection juridique sp\u00e9ciale pour les lanceurs d\u2019alerte, les prot\u00e9geant de toute forme de repr\u00e9sailles, telle que sanctions disciplinaires, licenciement, r\u00e9trogradation, intimidation).<\/p>\n\n\n\n<p>Les pays membres disposent d\u2019un d\u00e9lai de 2 ans pour transposer et mettre en application cette directive dans leur l\u00e9gislation locale.<\/p>\n<\/div><\/details>\n\n\n\n<details class=\"wp-block-themeisle-blocks-accordion-item\"><summary class=\"wp-block-themeisle-blocks-accordion-item__title\"><div>Loi SAPIN 2<\/div><\/summary><div class=\"wp-block-themeisle-blocks-accordion-item__content\">\n<p>La loi Sapin 2 du 9 d\u00e9cembre 2016 relative sur \u00e0 l\u2019\u00e9thique, \u00e0 la transparence dans la vie des affaires transparence, \u00e0 la lutte contre la corruption et \u00e0 la modernisation de la vie \u00e9conomique, compl\u00e9t\u00e9e par le D\u00e9cret du 19 avril 2017 d\u00e9finissant les modalit\u00e9s de mise en \u0153uvre :<\/p>\n\n\n\n<ul class=\"wp-block-list\">\n<li>a cr\u00e9\u00e9 un cadre juridique applicable aux lanceurs d\u2019alerte ;et instaure l\u2019obligation de mettre en place un dispositif de lanceur d\u2019alerte g\u00e9n\u00e9rale et de recueil des signalements.<\/li>\n<\/ul>\n\n\n\n<p><a rel=\"noreferrer noopener\" href=\"https:\/\/www.legifrance.gouv.fr\/affichTexte.do?cidTexte=JORFTEXT000033558528&amp;categorieLien=id\" target=\"_blank\">Voir la Loi Sapin 2 en d\u00e9tail.<\/a><\/p>\n<\/div><\/details>\n\n\n\n<details class=\"wp-block-themeisle-blocks-accordion-item\"><summary class=\"wp-block-themeisle-blocks-accordion-item__title\"><div>Loi Waserman 2022<\/div><\/summary><div class=\"wp-block-themeisle-blocks-accordion-item__content\">\n<p>La loi renforce la protection des lanceurs d&rsquo;alerte, consacr\u00e9e par la loi dite \u00ab\u00a0Sapin 2\u00a0\u00bb de 2016. Elle transpose une directive europ\u00e9enne du 23 octobre 2019 et va m\u00eame plus loin. Plusieurs affaires ont d\u00e9montr\u00e9 le combat difficile des lanceurs d&rsquo;alerte : M\u00e9diator, Facebook, Luxembourg Leaks ou Swiss Leaks en mati\u00e8re fiscale&#8230;<\/p>\n\n\n\n<p><a href=\"https:\/\/www.legifrance.gouv.fr\/eli\/loi\/2022\/3\/21\/JUSX2132193L\/jo\/texte\" target=\"_blank\" rel=\"noreferrer noopener\">Loi n\u00b0 2022-401 du 21 mars 2022 visant \u00e0 am\u00e9liorer la protection des lanceurs d&rsquo;alerte<\/a><\/p>\n<\/div><\/details>\n\n\n\n<details class=\"wp-block-themeisle-blocks-accordion-item\"><summary class=\"wp-block-themeisle-blocks-accordion-item__title\"><div>Qui est concern\u00e9 par le dispositif d&rsquo;alerte \u00e9thique ?<\/div><\/summary><div class=\"wp-block-themeisle-blocks-accordion-item__content\">\n<p>Les entreprises ayant plus de 50 salari\u00e9s.<\/p>\n\n\n\n<p>Les collectivit\u00e9s locales et personnes morales de droit public employant au moins 50 agents seront \u00ab\u00a0tenues d&rsquo;\u00e9tablir une proc\u00e9dure interne de recueil et de traitement des signalements, apr\u00e8s consultation des instances de dialogue social\u00a0\u00bb.<\/p>\n\n\n\n<p><\/p>\n<\/div><\/details>\n\n\n\n<details class=\"wp-block-themeisle-blocks-accordion-item\"><summary class=\"wp-block-themeisle-blocks-accordion-item__title\"><div>Quels types d&rsquo;alertes peuvent faire l&rsquo;objet d&rsquo;un signalement ?<\/div><\/summary><div class=\"wp-block-themeisle-blocks-accordion-item__content\">\n<div class=\"wp-block-group is-vertical is-layout-flex wp-container-core-group-is-layout-8cf370e7 wp-block-group-is-layout-flex\">\n<p>Les signalements peuvent concerner les th\u00e8mes suivants :<\/p>\n\n\n\n<ul class=\"wp-block-list\">\n<li>un crime (ex. vol aggrav\u00e9, viol, torture, attentat, faux en \u00e9criture publique\u2026) ;<\/li>\n\n\n\n<li>un d\u00e9lit (fraude fiscale, corruption, abus de bien social, abus de confiance, prise ill\u00e9gale d\u2019int\u00e9r\u00eats, trafic d\u2019influence, usage ill\u00e9gal de fonds publics) ;<\/li>\n\n\n\n<li>un harc\u00e8lement moral ou sexuel, une discrimnation, une atteinte aux droits fondamentaux de l\u2019homme ;<\/li>\n\n\n\n<li>une violation grave et manifeste de la loi ou du r\u00e8glement (ex. exc\u00e8s de pouvoir, non-respect des r\u00e8gles d\u2019hygi\u00e8ne ou de s\u00e9curit\u00e9\u2026) ;<\/li>\n\n\n\n<li>une violation grave et manifeste d\u2019un engagement international telles que les conventions de l\u2019ONU sur les droits de l\u2019homme, les Trait\u00e9s sur la non-prolif\u00e9ration des armes nucl\u00e9aires, les Conventions sur les d\u00e9chets et les produits chimiques dangereux de B\u00e2le, Rotterdam et Stockholm, les Conventions de l\u2019OIT, de l\u2019OMC ou du Conseil de l\u2019Europe \u2026) ;<\/li>\n\n\n\n<li>une menace ou un pr\u00e9judice graves pour l\u2019int\u00e9r\u00eat g\u00e9n\u00e9ral ( ex. atteintes \u00e0 la sant\u00e9 publique, \u00e0 la s\u00e9curit\u00e9 publique ou l\u2019environnement, optimisation fiscale agressive, grave erreur de gestion, ou encore dissimulation des preuves aff\u00e9rentes \u00e0 tous les signalements prot\u00e9g\u00e9s\u2026).<\/li>\n<\/ul>\n<\/div>\n<\/div><\/details>\n\n\n\n<details class=\"wp-block-themeisle-blocks-accordion-item\"><summary class=\"wp-block-themeisle-blocks-accordion-item__title\"><div>Qu&rsquo;est-ce qu&rsquo;une Lanceur d&rsquo;alerte ? <\/div><\/summary><div class=\"wp-block-themeisle-blocks-accordion-item__content\">\n<div class=\"wp-block-group is-vertical is-layout-flex wp-container-core-group-is-layout-8cf370e7 wp-block-group-is-layout-flex\">\n<p>Le droit d\u2019alerte est une facult\u00e9 offerte \u00e0 tout salari\u00e9 d\u2019exercer librement sa responsabilit\u00e9 et d\u00e9cider en pleine conscience de signaler ou r\u00e9v\u00e9ler, ou non, une atteinte grave \u00e0 l\u2019int\u00e9r\u00eat g\u00e9n\u00e9ral dont il a personnellement connaissance.<\/p>\n\n\n\n<p>Le lanceur d\u2019alerte doit r\u00e9unir trois conditions pr\u00e9alables :<\/p>\n\n\n\n<ul class=\"wp-block-list\">\n<li>Agir de mani\u00e8re d\u00e9sint\u00e9ress\u00e9e.<\/li>\n\n\n\n<li>\u00catre de bonne foi (avoir la croyance raisonnable que les faits sont vrais au moment de l\u2019\u00e9nonc\u00e9).<\/li>\n\n\n\n<li>Et avoir eu personnellement connaissance des faits (\u00eatre \u00e0 la source de l\u2019information).<\/li>\n<\/ul>\n<\/div>\n<\/div><\/details>\n\n\n\n<details class=\"wp-block-themeisle-blocks-accordion-item\"><summary class=\"wp-block-themeisle-blocks-accordion-item__title\"><div>La protection du Lanceur d&rsquo;alerte<\/div><\/summary><div class=\"wp-block-themeisle-blocks-accordion-item__content\">\n<div class=\"wp-block-group is-vertical is-layout-flex wp-container-core-group-is-layout-8cf370e7 wp-block-group-is-layout-flex\">\n<p>Le lanceur d\u2019alerte ayant respect\u00e9 les conditions pr\u00e9alables et la proc\u00e9dure gradu\u00e9e recommand\u00e9e, b\u00e9n\u00e9ficie d\u00e8s lors :<\/p>\n\n\n\n<ul class=\"wp-block-list\">\n<li>de l\u2019immunit\u00e9 p\u00e9nale ;<\/li>\n\n\n\n<li>de la garantie de confidentialit\u00e9 de son identit\u00e9 ;<\/li>\n\n\n\n<li>de la protection contre les sanctions disciplinaires et le licenciement.<\/li>\n<\/ul>\n<\/div>\n<\/div><\/details>\n\n\n\n<details class=\"wp-block-themeisle-blocks-accordion-item\"><summary class=\"wp-block-themeisle-blocks-accordion-item__title\"><div>Les canaux de signalements<\/div><\/summary><div class=\"wp-block-themeisle-blocks-accordion-item__content\">\n<div class=\"wp-block-group is-vertical is-layout-flex wp-container-core-group-is-layout-8cf370e7 wp-block-group-is-layout-flex\">\n<p>La loi pr\u00e9voit que d\u00e9sormais&nbsp;<strong>le lanceur d&rsquo;alerte pourra choisir entre le signalement interne et le signalement externe<\/strong>&nbsp;\u00e0 l&rsquo;autorit\u00e9 comp\u00e9tente, au D\u00e9fenseur des droits, \u00e0 la justice ou \u00e0 un organe europ\u00e9en.<\/p>\n\n\n\n<p>La&nbsp;<strong>divulgation publique<\/strong>&nbsp;ne sera toujours possible&nbsp;<strong>que dans certaines situations<\/strong>. Apr\u00e8s accord trouv\u00e9 entre les parlementaires, l&rsquo;alerte publique pourra intervenir en cas :<\/p>\n\n\n\n<ul class=\"wp-block-list\">\n<li>d&rsquo;absence de traitement \u00e0 la suite d&rsquo;un signalement externe dans un certain d\u00e9lai ;<\/li>\n\n\n\n<li>ou de risque de repr\u00e9sailles ou si le signalement n\u2019a aucune chance d\u2019aboutir ;<\/li>\n\n\n\n<li>ou de \u00ab\u00a0danger grave et imminent\u00a0\u00bb ou, pour les informations obtenues dans un cadre professionnel en cas de \u00ab\u00a0danger imminent ou manifeste pour l&rsquo;int\u00e9r\u00eat g\u00e9n\u00e9ral\u00a0\u00bb.<\/li>\n<\/ul>\n<\/div>\n<\/div><\/details>\n<\/div>\n<\/div>\n<\/div>\n\n\n\n<div style=\"height:242px\" aria-hidden=\"true\" class=\"wp-block-spacer\"><\/div>\n\n\n\n<a href=\"#\" id=\"scroll-to-top\"><\/a>\n","protected":false},"excerpt":{"rendered":"<p>Pour tout conna\u00eetre sur les obligationsr\u00e9glementaires en mati\u00e8re de Conformit\u00e9 &#8211; Ethique, Risques, RSE, AML, GDPR,&#8230;<\/p>\n","protected":false},"author":1,"featured_media":6334,"parent":0,"menu_order":0,"comment_status":"closed","ping_status":"closed","template":"","meta":{"_uf_show_specific_survey":0,"_uf_disable_surveys":false,"neve_meta_sidebar":"","neve_meta_container":"","neve_meta_enable_content_width":"","neve_meta_content_width":0,"neve_meta_title_alignment":"","neve_meta_author_avatar":"","neve_post_elements_order":"","neve_meta_disable_header":"","neve_meta_disable_footer":"","neve_meta_disable_title":"on","footnotes":""},"class_list":["post-421","page","type-page","status-publish","has-post-thumbnail","hentry"],"_links":{"self":[{"href":"https:\/\/ethicaline.fr\/fr\/wp-json\/wp\/v2\/pages\/421","targetHints":{"allow":["GET"]}}],"collection":[{"href":"https:\/\/ethicaline.fr\/fr\/wp-json\/wp\/v2\/pages"}],"about":[{"href":"https:\/\/ethicaline.fr\/fr\/wp-json\/wp\/v2\/types\/page"}],"author":[{"embeddable":true,"href":"https:\/\/ethicaline.fr\/fr\/wp-json\/wp\/v2\/users\/1"}],"replies":[{"embeddable":true,"href":"https:\/\/ethicaline.fr\/fr\/wp-json\/wp\/v2\/comments?post=421"}],"version-history":[{"count":0,"href":"https:\/\/ethicaline.fr\/fr\/wp-json\/wp\/v2\/pages\/421\/revisions"}],"wp:featuredmedia":[{"embeddable":true,"href":"https:\/\/ethicaline.fr\/fr\/wp-json\/wp\/v2\/media\/6334"}],"wp:attachment":[{"href":"https:\/\/ethicaline.fr\/fr\/wp-json\/wp\/v2\/media?parent=421"}],"curies":[{"name":"wp","href":"https:\/\/api.w.org\/{rel}","templated":true}]}}