{"id":32,"date":"2023-11-17T14:52:35","date_gmt":"2023-11-17T13:52:35","guid":{"rendered":"https:\/\/staging.ethicaline.eu\/?page_id=32"},"modified":"2023-12-14T18:23:39","modified_gmt":"2023-12-14T17:23:39","slug":"ecm-portal","status":"publish","type":"page","link":"https:\/\/ethicaline.fr\/fr\/ecm-portal\/","title":{"rendered":"Ethics Compliance Management &#8211; Portal"},"content":{"rendered":"\n<div style=\"height:135px\" aria-hidden=\"true\" class=\"wp-block-spacer\"><\/div>\n\n\n\n<div class=\"wp-block-columns alignfull is-layout-flex wp-container-core-columns-is-layout-9d6595d7 wp-block-columns-is-layout-flex\">\n<div class=\"wp-block-column is-layout-flow wp-block-column-is-layout-flow\" style=\"flex-basis:10%\"><\/div>\n\n\n\n<div class=\"wp-block-column is-layout-flow wp-block-column-is-layout-flow\" style=\"flex-basis:25%\">\n<div class=\"wp-block-group is-vertical is-layout-flex wp-container-core-group-is-layout-8cf370e7 wp-block-group-is-layout-flex\">\n<h5>\n    <div class=\"slidingVertical\">\n      <span>. Gouvernance \u2013 Risk \u2013 Compliance<\/span>\n      <span>. Ethics and Compliance Management<\/span>\n      <span>. Enterprise Risk Management<\/span>\n      <span>. Environnement de contr\u00f4le<\/span>\n      <span>. Repositoire Central<\/span>\n    <\/div>\n<\/h5>\n\n\n\n<div style=\"height:38px\" aria-hidden=\"true\" class=\"wp-block-spacer wp-container-content-8ae7b905\"><\/div>\n\n\n\n<h1 class=\"wp-block-heading has-neve-link-hover-color-color has-text-color has-link-color wp-elements-797a06600ae30ca457d3539a0ff87176\" style=\"font-size:50px\">GRC PORTAL<br><mark style=\"background-color:rgba(0, 0, 0, 0)\" class=\"has-inline-color has-neve-link-color-color\">Ethics &amp; Compliance<br>Management<br>System<\/mark><\/h1>\n<\/div>\n<\/div>\n\n\n\n<div class=\"wp-block-column is-layout-flow wp-block-column-is-layout-flow\" style=\"flex-basis:55%\">\n<figure class=\"wp-block-image size-large is-resized\"><img decoding=\"async\" width=\"1024\" height=\"394\" src=\"https:\/\/ethicaline.fr\/wp-content\/uploads\/2023\/12\/tprm_image-1024x394.png\" alt=\"\" class=\"wp-image-901\" style=\"width:1172px;height:auto\" srcset=\"https:\/\/ethicaline.fr\/wp-content\/uploads\/2023\/12\/tprm_image-1024x394.png 1024w, https:\/\/ethicaline.fr\/wp-content\/uploads\/2023\/12\/tprm_image-300x115.png 300w, https:\/\/ethicaline.fr\/wp-content\/uploads\/2023\/12\/tprm_image-768x295.png 768w, https:\/\/ethicaline.fr\/wp-content\/uploads\/2023\/12\/tprm_image-18x7.png 18w, https:\/\/ethicaline.fr\/wp-content\/uploads\/2023\/12\/tprm_image-600x231.png 600w, https:\/\/ethicaline.fr\/wp-content\/uploads\/2023\/12\/tprm_image.png 1217w\" sizes=\"(max-width: 1024px) 100vw, 1024px\" \/><\/figure>\n<\/div>\n<\/div>\n\n\n<div class=\"wp-block-image\">\n<figure class=\"aligncenter size-full is-resized\"><img decoding=\"async\" width=\"158\" height=\"156\" src=\"https:\/\/ethicaline.fr\/wp-content\/uploads\/2023\/12\/arrow-grey_extention.png\" alt=\"\" class=\"wp-image-930\" style=\"width:130px\" srcset=\"https:\/\/ethicaline.fr\/wp-content\/uploads\/2023\/12\/arrow-grey_extention.png 158w, https:\/\/ethicaline.fr\/wp-content\/uploads\/2023\/12\/arrow-grey_extention-12x12.png 12w, https:\/\/ethicaline.fr\/wp-content\/uploads\/2023\/12\/arrow-grey_extention-100x100.png 100w\" sizes=\"(max-width: 158px) 100vw, 158px\" \/><\/figure>\n<\/div>\n\n\n<div class=\"wp-block-columns is-layout-flex wp-container-core-columns-is-layout-9d6595d7 wp-block-columns-is-layout-flex\">\n<div class=\"wp-block-column is-layout-flow wp-block-column-is-layout-flow\" style=\"flex-basis:70%\">\n<div class=\"wp-block-group is-vertical is-layout-flex wp-container-core-group-is-layout-8cf370e7 wp-block-group-is-layout-flex\">\n<div class=\"wp-block-group is-vertical is-layout-flex wp-container-core-group-is-layout-8cf370e7 wp-block-group-is-layout-flex\">\n<h3 class=\"wp-block-heading has-neve-link-color-color has-text-color has-link-color wp-elements-927ebba87f0324491fe39f2c617a4f30\">Un portail unique pour g\u00e9rer<br><mark style=\"background-color:rgba(0, 0, 0, 0)\" class=\"has-inline-color has-neve-link-hover-color-color\">votre <\/mark><mark style=\"background-color:rgba(0, 0, 0, 0)\" class=\"has-inline-color has-neve-link-color-color\">G<\/mark><mark style=\"background-color:rgba(0, 0, 0, 0)\" class=\"has-inline-color has-neve-link-hover-color-color\">overnance,&nbsp;<\/mark><mark style=\"background-color:rgba(0, 0, 0, 0)\" class=\"has-inline-color has-neve-link-color-color\">R<\/mark><mark style=\"background-color:rgba(0, 0, 0, 0)\" class=\"has-inline-color has-neve-link-hover-color-color\">isk &amp;&nbsp;<\/mark><mark style=\"background-color:rgba(0, 0, 0, 0)\" class=\"has-inline-color has-neve-link-color-color\">G<\/mark><mark style=\"background-color:rgba(0, 0, 0, 0)\" class=\"has-inline-color has-neve-link-hover-color-color\">ouvernance<\/mark><\/h3>\n\n\n\n<p>Pour faciliter la diffusion des bonnes pratiques en mati\u00e8re de Gouvernance, Risk &amp; Compliance et susciter l\u2019adh\u00e9sion des collaborateurs,&nbsp;<em>Ethicaline<\/em>&nbsp;vous propose une approche int\u00e9gr\u00e9e sous forme de \u201cPortail\u201d ; point central pour retrouver toutes les ressources de l\u2019entreprise en la mati\u00e8re.<\/p>\n\n\n\n<p>GRC Portal, d\u00e9ploy\u00e9 sur votre domaine (intranet ou extranet), est \u00e9galement accessible via un&nbsp;\u201cApp Mobile\u201d&nbsp;multi-OS (iOS et Android) et multi-format (smartphone, tablette, station) pour faciliter l\u2019acc\u00e8s aux ressources par tous et \u00e0 tout moment.<\/p>\n\n\n\n<p>Simple et ergonomique, GRC Portal est \u00e9galement une plateforme interactive pour les fonctions centrales pour manager, \u00e9changer et communiquer autours des enjeux GRC, dans la conduite des affaires au quotidien.<\/p>\n<\/div>\n<\/div>\n<\/div>\n\n\n\n<div class=\"wp-block-column is-layout-flow wp-block-column-is-layout-flow\" style=\"flex-basis:7.69%\"><\/div>\n<\/div>\n\n\n\n<div style=\"height:68px\" aria-hidden=\"true\" class=\"wp-block-spacer\"><\/div>\n\n\n\n<div class=\"wp-block-columns is-layout-flex wp-container-core-columns-is-layout-9d6595d7 wp-block-columns-is-layout-flex\">\n<div class=\"wp-block-column is-layout-flow wp-block-column-is-layout-flow\" style=\"flex-basis:40%\">\n<div style=\"height:166px\" aria-hidden=\"true\" class=\"wp-block-spacer\"><\/div>\n\n\n\n<blockquote class=\"wp-block-quote is-layout-flow wp-block-quote-is-layout-flow\">\n<p class=\"has-neve-link-color-color has-text-color has-link-color wp-elements-38f340fb80a21e4ce74b63ddd1098e7d\" style=\"font-size:26px\"><em>GRC Portal, une App Mobile . . .<\/em><\/p>\n\n\n\n<p class=\"has-neve-link-color-color has-text-color has-link-color wp-elements-3d173a6dc1a73992ac41051b2de1c0ef\" style=\"font-size:26px\"><em>. . . toutes les ressources pour g\u00e9rer la GRC, \u00e0 port\u00e9e de main<\/em><\/p>\n<\/blockquote>\n<\/div>\n\n\n\n<div class=\"wp-block-column is-layout-flow wp-block-column-is-layout-flow\" style=\"flex-basis:60%\">\n<figure class=\"wp-block-image size-full is-resized\"><img decoding=\"async\" width=\"850\" height=\"672\" src=\"https:\/\/ethicaline.fr\/wp-content\/uploads\/2023\/11\/App-mobile.jpg\" alt=\"\" class=\"wp-image-278\" style=\"width:600px;height:auto\" srcset=\"https:\/\/ethicaline.fr\/wp-content\/uploads\/2023\/11\/App-mobile.jpg 850w, https:\/\/ethicaline.fr\/wp-content\/uploads\/2023\/11\/App-mobile-300x237.jpg 300w, https:\/\/ethicaline.fr\/wp-content\/uploads\/2023\/11\/App-mobile-768x607.jpg 768w, https:\/\/ethicaline.fr\/wp-content\/uploads\/2023\/11\/App-mobile-15x12.jpg 15w, https:\/\/ethicaline.fr\/wp-content\/uploads\/2023\/11\/App-mobile-600x474.jpg 600w\" sizes=\"(max-width: 850px) 100vw, 850px\" \/><\/figure>\n<\/div>\n<\/div>\n\n\n\n<div style=\"height:74px\" aria-hidden=\"true\" class=\"wp-block-spacer\"><\/div>\n\n\n\n<h3 class=\"wp-block-heading has-neve-link-color-color has-text-color has-link-color wp-elements-9edf5d06a2177182670f303052ca79c6\"><em>Compliance Management System<\/em><mark style=\"background-color:rgba(0, 0, 0, 0)\" class=\"has-inline-color has-neve-link-hover-color-color\">, un outil collaboratif<\/mark><\/h3>\n\n\n\n<div class=\"wp-block-group is-vertical is-layout-flex wp-container-core-group-is-layout-8cf370e7 wp-block-group-is-layout-flex\" style=\"font-size:16px\">\n<p><mark style=\"background-color:rgba(0, 0, 0, 0)\" class=\"has-inline-color has-neve-link-color-color\"><em>Ethicaline GRC PORTAL\u00a0<\/em><\/mark>est un outil collaboratif, visant \u00e0 centraliser toutes les ressources en Governance, Risk, Compliance au sein des entreprises, pour\u00a0<em><mark style=\"background-color:rgba(0, 0, 0, 0)\" class=\"has-inline-color has-neve-link-color-color\">g\u00e9rer, communiquer, animer et diffuser les bonnes pratiques<\/mark><\/em>\u00a0en la mati\u00e8re aupr\u00e8s de tous salari\u00e9s.<\/p>\n\n\n\n<ul class=\"wp-block-list\">\n<li><em>Un <mark style=\"background-color:rgba(0, 0, 0, 0)\" class=\"has-inline-color has-neve-link-color-color\">recueil centralis\u00e9<\/mark>&nbsp;<\/em>: ressources, outils, en Compliance au quotidien&nbsp; ;&nbsp;<\/li>\n\n\n\n<li><em>Un <mark style=\"background-color:rgba(0, 0, 0, 0)\" class=\"has-inline-color has-neve-link-color-color\">espace interactif&nbsp;<\/mark><\/em>: pour \u00e9changer, et accompagner, tous les collaborateurs dans le d\u00e9ploiement des concepts GRC<\/li>\n\n\n\n<li><em>Un <mark style=\"background-color:rgba(0, 0, 0, 0)\" class=\"has-inline-color has-neve-link-color-color\">vecteur de communication<\/mark><\/em>&nbsp;: mise \u00e0 jour de proc\u00e9dures, actualit\u00e9s sur les \u00e9v\u00e9nements constitutifs de la gouvernance d\u2019entreprise<\/li>\n\n\n\n<li><em>Un <\/em><mark style=\"background-color:rgba(0, 0, 0, 0)\" class=\"has-inline-color has-neve-link-color-color\"><em>Toolkit \u2013 ressources<\/em>&nbsp;<\/mark>: \u00e0 disposition des op\u00e9rationnels mat\u00e9riaux, templates pour appliquer les GRC au quotidien.<\/li>\n<\/ul>\n<\/div>\n\n\n\n<div style=\"height:87px\" aria-hidden=\"true\" class=\"wp-block-spacer\"><\/div>\n\n\n\n<h3 class=\"wp-block-heading has-neve-link-hover-color-color has-text-color has-link-color wp-elements-4ea4dc22730f9841c43fa83b7b659bfb\">Une application&nbsp;<mark style=\"background-color:rgba(0, 0, 0, 0)\" class=\"has-inline-color has-neve-link-color-color\">intranet ou&nbsp;<em>cloud-based<\/em><\/mark><\/h3>\n\n\n\n<div class=\"wp-block-group is-vertical is-layout-flex wp-container-core-group-is-layout-8cf370e7 wp-block-group-is-layout-flex\">\n<p style=\"font-size:16px\">GRC Portal App peut \u00eatre d\u00e9ploy\u00e9 sur votre domaine ou d\u00e9ploy\u00e9 chez Ethicaline, accessible via le Cloud, en mode Software-as-a-Servivce (Saas).<\/p>\n\n\n\n<p style=\"font-size:16px\">Les modules propos\u00e9s sont au choix et \u00e0 la carte ; pour un<br>d\u00e9ploiement selon la maturit\u00e9 de votre programme GRC :<\/p>\n<\/div>\n\n\n\n<div class=\"wp-block-columns is-layout-flex wp-container-core-columns-is-layout-9d6595d7 wp-block-columns-is-layout-flex\">\n<div class=\"wp-block-column is-layout-flow wp-block-column-is-layout-flow\" style=\"flex-basis:5%\"><\/div>\n\n\n\n<div class=\"wp-block-column is-layout-flow wp-block-column-is-layout-flow\" style=\"flex-basis:35%\">\n<div class=\"wp-block-group\"><div class=\"wp-block-group__inner-container is-layout-constrained wp-block-group-is-layout-constrained\">\n<div class=\"wp-block-group is-vertical is-layout-flex wp-container-core-group-is-layout-8cf370e7 wp-block-group-is-layout-flex\" style=\"font-size:18px\">\n<div style=\"height:72px\" aria-hidden=\"true\" class=\"wp-block-spacer wp-container-content-61193494\"><\/div>\n\n\n\n<p class=\"has-neve-link-color-color has-text-color has-link-color wp-elements-12e7a7baadf6582e927db2d3dd2751a4\" style=\"font-size:16px\">Gouvernance<br><mark style=\"background-color:rgba(0, 0, 0, 0)\" class=\"has-inline-color has-neve-link-hover-color-color\">&#8211; Valeurs \u2013 Ethique<br>&#8211; Code de conduite<br>&#8211; RSE<br><\/mark><\/p>\n\n\n\n<p class=\"has-neve-link-color-color has-text-color has-link-color wp-elements-9253a4db15fed34f64728057b321e7fb\">Risk Management<br><mark style=\"background-color:rgba(0, 0, 0, 0)\" class=\"has-inline-color has-neve-link-hover-color-color\">&#8211; Enterprise Risk Management<br>&#8211; Environnement de Contr\u00f4le<br>&#8211; Audit Interne Management<\/mark><br><\/p>\n\n\n\n<p class=\"has-neve-link-color-color has-text-color has-link-color wp-elements-e5eb86f0a75de07397425531ae9569b8\">Compliance<br><mark style=\"background-color:rgba(0, 0, 0, 0)\" class=\"has-inline-color has-neve-link-hover-color-color\">&#8211; Principes<br>&#8211; Anti-Bribery &amp; Corruption \u2013 ABAC<br>&#8211; Third-Party Risk Management &#8211; TPRM<br>&#8211; GDPR<br>&#8211; Sanctions \u00e9conomiques<\/mark><br><\/p>\n\n\n\n<p class=\"has-neve-link-color-color has-text-color has-link-color wp-elements-90a1bb52d079c1c03dd701dbe084976c\">Ligne d\u2019alerte \u2013 \u00e9thique<\/p>\n<\/div>\n<\/div><\/div>\n<\/div>\n\n\n\n<div class=\"wp-block-column is-layout-flow wp-block-column-is-layout-flow\" style=\"flex-basis:55%\">\n<figure class=\"wp-block-image size-full is-resized\"><img decoding=\"async\" width=\"814\" height=\"941\" src=\"https:\/\/ethicaline.fr\/wp-content\/uploads\/2023\/11\/GRC-menu-1.jpg\" alt=\"\" class=\"wp-image-281\" style=\"width:556px;height:auto\" srcset=\"https:\/\/ethicaline.fr\/wp-content\/uploads\/2023\/11\/GRC-menu-1.jpg 814w, https:\/\/ethicaline.fr\/wp-content\/uploads\/2023\/11\/GRC-menu-1-260x300.jpg 260w, https:\/\/ethicaline.fr\/wp-content\/uploads\/2023\/11\/GRC-menu-1-768x888.jpg 768w, https:\/\/ethicaline.fr\/wp-content\/uploads\/2023\/11\/GRC-menu-1-10x12.jpg 10w, https:\/\/ethicaline.fr\/wp-content\/uploads\/2023\/11\/GRC-menu-1-600x694.jpg 600w\" sizes=\"(max-width: 814px) 100vw, 814px\" \/><\/figure>\n<\/div>\n<\/div>\n\n\n\n<div style=\"height:71px\" aria-hidden=\"true\" class=\"wp-block-spacer\"><\/div>\n\n\n\n<h3 class=\"wp-block-heading has-neve-link-hover-color-color has-text-color has-link-color wp-elements-cfa6dd0b63044427d26744a1f66382d8\">Une App cl\u00e9-en-main<br>ou&nbsp;<mark style=\"background-color:rgba(0, 0, 0, 0)\" class=\"has-inline-color has-neve-link-color-color\">int\u00e9gration de vos ressources<\/mark><\/h3>\n\n\n\n<p>Ethicaline vous propose d\u2019int\u00e9grer vos ressources dans le GRC Portal et\/ou peut vous accompagner pour d\u00e9finir les ressources n\u00e9cessaires pour aborder efficacement les diff\u00e9rents enjeux de la GRC.<\/p>\n\n\n\n<div style=\"height:142px\" aria-hidden=\"true\" class=\"wp-block-spacer\"><\/div>\n\n\n\n<div class=\"wp-block-columns is-layout-flex wp-container-core-columns-is-layout-9d6595d7 wp-block-columns-is-layout-flex\">\n<div class=\"wp-block-column is-layout-flow wp-block-column-is-layout-flow\">\n<blockquote class=\"wp-block-quote is-layout-flow wp-block-quote-is-layout-flow\" style=\"font-size:19px\">\n<p class=\"has-neve-link-color-color has-text-color has-link-color wp-elements-e60b9dd6e2ba75f58eefb138670ddc8b\" style=\"font-size:25px\"><em>Un aper\u00e7u de GRC <\/em>PORTAL ? <\/p>\n<cite><em>N\u2019h\u00e9sitez pas \u00e0 prendre contact avec nous pour<\/em><br><em>une d\u00e9mo approfondie des diff\u00e9rents Modules du GRC Portal.<\/em><\/cite><\/blockquote>\n<\/div>\n\n\n\n<div class=\"wp-block-column is-layout-flow wp-block-column-is-layout-flow\"><style id=\"wpforms-css-vars-139-block-d1b6cab6-6357-4f26-95a7-03b87847cbeb\">\n\t\t\t\t#wpforms-139.wpforms-block-d1b6cab6-6357-4f26-95a7-03b87847cbeb {\n\t\t\t\t--wpforms-button-border-radius: 0px;\n--wpforms-button-background-color: var(--nv-primary-accent);\n\t\t\t}\n\t\t\t<\/style><div class=\"wpforms-container wpforms-container-full wpforms-block wpforms-block-d1b6cab6-6357-4f26-95a7-03b87847cbeb wpforms-render-modern\" id=\"wpforms-139\"><form id=\"wpforms-form-139\" class=\"wpforms-validate wpforms-form wpforms-ajax-form\" data-formid=\"139\" method=\"post\" enctype=\"multipart\/form-data\" action=\"\/fr\/wp-json\/wp\/v2\/pages\/32\" data-token=\"718248c63fd3db1d8d9bd51fe849b82e\" data-token-time=\"1778412472\"><noscript class=\"wpforms-error-noscript\">Veuillez activer JavaScript dans votre navigateur pour remplir ce formulaire.<\/noscript><div id=\"wpforms-error-noscript\" style=\"display: none;\">Veuillez activer JavaScript dans votre navigateur pour remplir ce formulaire.<\/div><div class=\"wpforms-field-container\"><div id=\"wpforms-139-field_0-container\" class=\"wpforms-field wpforms-field-name\" data-field-id=\"0\"><fieldset><legend class=\"wpforms-field-label\">Name <span class=\"wpforms-required-label\" aria-hidden=\"true\">*<\/span><\/legend><div class=\"wpforms-field-row wpforms-field-medium\"><div class=\"wpforms-field-row-block wpforms-first wpforms-one-half\"><input type=\"text\" id=\"wpforms-139-field_0\" class=\"wpforms-field-name-first wpforms-field-required\" name=\"wpforms[fields][0][first]\" aria-errormessage=\"wpforms-139-field_0-error\" required><label for=\"wpforms-139-field_0\" class=\"wpforms-field-sublabel after\">Pr\u00e9nom<\/label><\/div><div class=\"wpforms-field-row-block wpforms-one-half\"><input type=\"text\" id=\"wpforms-139-field_0-last\" class=\"wpforms-field-name-last wpforms-field-required\" name=\"wpforms[fields][0][last]\" aria-errormessage=\"wpforms-139-field_0-last-error\" required><label for=\"wpforms-139-field_0-last\" class=\"wpforms-field-sublabel after\">Nom<\/label><\/div><\/div><\/fieldset><\/div>\t\t<div id=\"wpforms-139-field_4-container\"\n\t\t\tclass=\"wpforms-field wpforms-field-text\"\n\t\t\tdata-field-type=\"text\"\n\t\t\tdata-field-id=\"4\"\n\t\t\t>\n\t\t\t<label class=\"wpforms-field-label\" for=\"wpforms-139-field_4\" >Comment Name \/<\/label>\n\t\t\t<input type=\"text\" id=\"wpforms-139-field_4\" class=\"wpforms-field-medium\" name=\"wpforms[fields][4]\" >\n\t\t<\/div>\n\t\t<div id=\"wpforms-139-field_1-container\" class=\"wpforms-field wpforms-field-email\" data-field-id=\"1\"><label class=\"wpforms-field-label\" for=\"wpforms-139-field_1\">Email <span class=\"wpforms-required-label\" aria-hidden=\"true\">*<\/span><\/label><input type=\"email\" id=\"wpforms-139-field_1\" class=\"wpforms-field-medium wpforms-field-required\" name=\"wpforms[fields][1]\" spellcheck=\"false\" aria-errormessage=\"wpforms-139-field_1-error\" required><\/div><div id=\"wpforms-139-field_2-container\" class=\"wpforms-field wpforms-field-textarea\" data-field-id=\"2\"><label class=\"wpforms-field-label\" for=\"wpforms-139-field_2\">Comment \/ Message <span class=\"wpforms-required-label\" aria-hidden=\"true\">*<\/span><\/label><textarea id=\"wpforms-139-field_2\" class=\"wpforms-field-medium wpforms-field-required\" name=\"wpforms[fields][2]\" aria-errormessage=\"wpforms-139-field_2-error\" required><\/textarea><\/div><div id=\"wpforms-139-field_3-container\" class=\"wpforms-field wpforms-field-gdpr-checkbox\" data-field-id=\"3\"><label class=\"wpforms-field-label\">GDPR Agreement <span class=\"wpforms-required-label\" aria-hidden=\"true\">*<\/span><\/label><ul id=\"wpforms-139-field_3\" class=\"wpforms-field-required\"><li class=\"choice-1\"><input type=\"checkbox\" id=\"wpforms-139-field_3_1\" name=\"wpforms[fields][3][]\" value=\"J&#039;accepte que ce site stocke les informations que j&#039;ai soumises afin qu&#039;il puisse r\u00e9pondre \u00e0 ma demande.\" aria-errormessage=\"wpforms-139-field_3_1-error\" required ><label class=\"wpforms-field-label-inline\" for=\"wpforms-139-field_3_1\">J&rsquo;accepte que ce site stocke les informations que j&rsquo;ai soumises afin qu&rsquo;il puisse r\u00e9pondre \u00e0 ma demande.<\/label><\/li><\/ul><\/div><script>\n\t\t\t\t( function() {\n\t\t\t\t\tconst style = document.createElement( 'style' );\n\t\t\t\t\tstyle.appendChild( document.createTextNode( '#wpforms-139-field_4-container { position: absolute !important; overflow: hidden !important; display: inline !important; height: 1px !important; width: 1px !important; z-index: -1000 !important; padding: 0 !important; } #wpforms-139-field_4-container input { visibility: hidden; } #wpforms-conversational-form-page #wpforms-139-field_4-container label { counter-increment: none; }' ) );\n\t\t\t\t\tdocument.head.appendChild( style );\n\t\t\t\t\tdocument.currentScript?.remove();\n\t\t\t\t} )();\n\t\t\t<\/script><\/div><!-- .wpforms-field-container -->\r\n\t\t\t<script>\r\n\t\t\tif ( typeof huOptions !== 'undefined' ) {\r\n\t\t\t\tvar huFormData = {\"source\":\"wpforms\",\"id\":139,\"title\":\"Simple Contact Form\",\"fields\":{\"subject\":{\"first_name\":\"\",\"last_name\":\"\"}}};\r\n\t\t\t\tvar huFormNode = document.querySelector( '[id=\"wpforms-139\"] form' );\r\n\r\n\t\t\t\tvar firstName = huFormNode.querySelector( 'input.wpforms-field-name-first' );\r\n\t\t\t\tvar lastName = huFormNode.querySelector( 'input.wpforms-field-name-last' );\r\n\r\n\t\t\t\tif ( firstName )\r\n\t\t\t\t\thuFormData['fields']['subject']['first_name'] = firstName.getAttribute( 'name' );\r\n\r\n\t\t\t\tif ( lastName )\r\n\t\t\t\t\thuFormData['fields']['subject']['last_name'] = lastName.getAttribute( 'name' );\r\n\r\n\t\t\t\thuFormData['node'] = huFormNode;\r\n\t\t\t\thuOptions['forms'].push( huFormData );\r\n\t\t\t}\r\n\t\t\t<\/script><div class=\"wpforms-recaptcha-container wpforms-is-turnstile\" ><div class=\"wpforms-turnstile\" data-sitekey=\"0x4AAAAAACF974wirp1hyew6\" data-action=\"FormID-139\"><\/div><input type=\"text\" name=\"g-recaptcha-hidden\" class=\"wpforms-recaptcha-hidden\" style=\"position:absolute!important;clip:rect(0,0,0,0)!important;height:1px!important;width:1px!important;border:0!important;overflow:hidden!important;padding:0!important;margin:0!important;\" data-rule-turnstile=\"1\"><\/div><div class=\"wpforms-submit-container\" ><input type=\"hidden\" name=\"wpforms[id]\" value=\"139\"><input type=\"hidden\" name=\"page_title\" value=\"\"><input type=\"hidden\" name=\"page_url\" value=\"https:\/\/ethicaline.fr\/fr\/wp-json\/wp\/v2\/pages\/32\"><input type=\"hidden\" name=\"url_referer\" value=\"\"><button type=\"submit\" name=\"wpforms[submit]\" id=\"wpforms-submit-139\" class=\"wpforms-submit\" data-alt-text=\"Sending...\" data-submit-text=\"Submit\" aria-live=\"assertive\" value=\"wpforms-submit\">Submit<\/button><img decoding=\"async\" src=\"https:\/\/ethicaline.fr\/wp-content\/plugins\/wpforms-lite\/assets\/images\/submit-spin.svg\" class=\"wpforms-submit-spinner\" style=\"display: none;\" width=\"26\" height=\"26\" alt=\"Chargement en cours\"><\/div><\/form><\/div>  <!-- .wpforms-container --><\/div>\n<\/div>\n\n\n\n<div style=\"height:192px\" aria-hidden=\"true\" class=\"wp-block-spacer\"><\/div>\n\n\n\n<a href=\"#\" id=\"scroll-to-top\"><\/a>\n","protected":false},"excerpt":{"rendered":"<p>. Gouvernance \u2013 Risk \u2013 Compliance . Ethics and Compliance Management . Enterprise Risk Management . Environnement de contr\u00f4le . Repositoire Central GRC PORTALEthics &amp; ComplianceManagementSystem Un portail unique pour g\u00e9rervotre Governance,&nbsp;Risk &amp;&nbsp;Gouvernance Pour faciliter la diffusion des bonnes pratiques en mati\u00e8re de Gouvernance, Risk &amp; Compliance et susciter l\u2019adh\u00e9sion des collaborateurs,&nbsp;Ethicaline&nbsp;vous propose une approche&hellip;&nbsp;<a href=\"https:\/\/ethicaline.fr\/fr\/ecm-portal\/\" rel=\"bookmark\">Lire la suite &raquo;<span class=\"screen-reader-text\">Ethics Compliance Management &#8211; Portal<\/span><\/a><\/p>\n","protected":false},"author":1,"featured_media":6335,"parent":0,"menu_order":0,"comment_status":"closed","ping_status":"closed","template":"","meta":{"_uf_show_specific_survey":0,"_uf_disable_surveys":false,"neve_meta_sidebar":"","neve_meta_container":"","neve_meta_enable_content_width":"","neve_meta_content_width":0,"neve_meta_title_alignment":"","neve_meta_author_avatar":"","neve_post_elements_order":"","neve_meta_disable_header":"","neve_meta_disable_footer":"","neve_meta_disable_title":"on","footnotes":""},"class_list":["post-32","page","type-page","status-publish","has-post-thumbnail","hentry"],"_links":{"self":[{"href":"https:\/\/ethicaline.fr\/fr\/wp-json\/wp\/v2\/pages\/32","targetHints":{"allow":["GET"]}}],"collection":[{"href":"https:\/\/ethicaline.fr\/fr\/wp-json\/wp\/v2\/pages"}],"about":[{"href":"https:\/\/ethicaline.fr\/fr\/wp-json\/wp\/v2\/types\/page"}],"author":[{"embeddable":true,"href":"https:\/\/ethicaline.fr\/fr\/wp-json\/wp\/v2\/users\/1"}],"replies":[{"embeddable":true,"href":"https:\/\/ethicaline.fr\/fr\/wp-json\/wp\/v2\/comments?post=32"}],"version-history":[{"count":3,"href":"https:\/\/ethicaline.fr\/fr\/wp-json\/wp\/v2\/pages\/32\/revisions"}],"predecessor-version":[{"id":6714,"href":"https:\/\/ethicaline.fr\/fr\/wp-json\/wp\/v2\/pages\/32\/revisions\/6714"}],"wp:featuredmedia":[{"embeddable":true,"href":"https:\/\/ethicaline.fr\/fr\/wp-json\/wp\/v2\/media\/6335"}],"wp:attachment":[{"href":"https:\/\/ethicaline.fr\/fr\/wp-json\/wp\/v2\/media?parent=32"}],"curies":[{"name":"wp","href":"https:\/\/api.w.org\/{rel}","templated":true}]}}