{"id":28,"date":"2023-11-17T14:50:31","date_gmt":"2023-11-17T13:50:31","guid":{"rendered":"https:\/\/staging.ethicaline.eu\/?page_id=28"},"modified":"2023-12-14T18:31:38","modified_gmt":"2023-12-14T17:31:38","slug":"compliance-advisory","status":"publish","type":"page","link":"https:\/\/ethicaline.fr\/fr\/compliance-advisory\/","title":{"rendered":"Compliance Advisory"},"content":{"rendered":"\n<div style=\"height:150px\" aria-hidden=\"true\" class=\"wp-block-spacer\"><\/div>\n\n\n\n<div class=\"wp-block-group is-vertical is-layout-flex wp-container-core-group-is-layout-8cf370e7 wp-block-group-is-layout-flex\">\n<div class=\"wp-block-group is-vertical is-layout-flex wp-container-core-group-is-layout-8cf370e7 wp-block-group-is-layout-flex\">\n<h5>\n    <div class=\"slidingVertical\">\n      <span>. Expertise<\/span>\n      <span>. Savoir-faire<\/span>\n      <span>. Gestion de Projet<\/span>\n      <span>. Exp\u00e9rience op\u00e9rationnelle<\/span>\n      <span>. Programme de Compliance<\/span>\n    <\/div>\n<\/h5>\n\n\n\n<h1 class=\"wp-block-heading has-neve-link-hover-color-color has-text-color has-link-color wp-elements-6fbd01aee9fab818e390c58fd9635204\" style=\"font-size:65px\">Conseil &amp;<br><mark style=\"background-color:rgba(0, 0, 0, 0)\" class=\"has-inline-color has-neve-link-color-color\">Accompagnement<\/mark><\/h1>\n<\/div>\n<\/div>\n\n\n\n<div class=\"wp-block-columns is-layout-flex wp-container-core-columns-is-layout-9d6595d7 wp-block-columns-is-layout-flex\">\n<div class=\"wp-block-column is-layout-flow wp-block-column-is-layout-flow\" style=\"flex-basis:35%\"><\/div>\n\n\n\n<div class=\"wp-block-column is-layout-flow wp-block-column-is-layout-flow\" style=\"flex-basis:50%\">\n<div style=\"height:25px\" aria-hidden=\"true\" class=\"wp-block-spacer\"><\/div>\n\n\n\n<figure class=\"wp-block-image size-full is-resized\"><img decoding=\"async\" width=\"158\" height=\"156\" src=\"https:\/\/ethicaline.fr\/wp-content\/uploads\/2023\/12\/arrow-grey_extention.png\" alt=\"\" class=\"wp-image-930\" style=\"width:130px\" srcset=\"https:\/\/ethicaline.fr\/wp-content\/uploads\/2023\/12\/arrow-grey_extention.png 158w, https:\/\/ethicaline.fr\/wp-content\/uploads\/2023\/12\/arrow-grey_extention-12x12.png 12w, https:\/\/ethicaline.fr\/wp-content\/uploads\/2023\/12\/arrow-grey_extention-100x100.png 100w\" sizes=\"(max-width: 158px) 100vw, 158px\" \/><\/figure>\n<\/div>\n<\/div>\n\n\n\n<div style=\"height:63px\" aria-hidden=\"true\" class=\"wp-block-spacer\"><\/div>\n\n\n\n<div class=\"wp-block-columns is-layout-flex wp-container-core-columns-is-layout-9d6595d7 wp-block-columns-is-layout-flex\">\n<div class=\"wp-block-column is-layout-flow wp-block-column-is-layout-flow\" style=\"flex-basis:70%\">\n<div class=\"wp-block-group is-vertical is-layout-flex wp-container-core-group-is-layout-8cf370e7 wp-block-group-is-layout-flex\">\n<div class=\"wp-block-group is-vertical is-layout-flex wp-container-core-group-is-layout-8cf370e7 wp-block-group-is-layout-flex\">\n<h3 class=\"wp-block-heading has-neve-link-color-color has-text-color has-link-color wp-elements-2d39dea36bae95218e849932bef30308\"><em>Obligation r\u00e9glementaire ou<br>initiative de bonne gouvernance<\/em><\/h3>\n\n\n\n<p>Que ce soit dans la mise en conformit\u00e9 des obligations r\u00e9glementaires (Sapin 2, sanctions \u00e9conomiques OFAC, FCPA, UKBA,\u2026) ou initiative pour am\u00e9liorer la bonne gouvernance d\u2019entreprise, le d\u00e9ploiement de programme de compliance requiert n\u00e9cessairement expertise, communication, approche didactique, exp\u00e9rience de mise en oeuvre, pour aborder sereinement ces projets d\u2019envergure.<\/p>\n\n\n\n<p>Ethicaline, avec ses associ\u00e9s exp\u00e9riment\u00e9s, vous met \u00e0 disposition expertise technique et \u00ab soft-skills \u00bb pour mener \u00e0 bien vos projets de mise en conformit\u00e9 et susciter l\u2019adh\u00e9sion des op\u00e9rationnels et instances dirigeantes aux nouvelles r\u00e8gles de conformit\u00e9.<\/p>\n<\/div>\n<\/div>\n<\/div>\n\n\n\n<div class=\"wp-block-column is-layout-flow wp-block-column-is-layout-flow\" style=\"flex-basis:7.69%\"><\/div>\n<\/div>\n\n\n\n<div style=\"height:98px\" aria-hidden=\"true\" class=\"wp-block-spacer\"><\/div>\n\n\n\n<div class=\"wp-block-columns is-layout-flex wp-container-core-columns-is-layout-9d6595d7 wp-block-columns-is-layout-flex\">\n<div class=\"wp-block-column is-layout-flow wp-block-column-is-layout-flow\" style=\"flex-basis:100%\">\n<div class=\"wp-block-media-text is-vertically-aligned-center has-background\" style=\"background:linear-gradient(135deg,rgb(17,17,18) 0%,rgb(76,76,76) 100%);grid-template-columns:25% auto\"><figure class=\"wp-block-media-text__media\"><img decoding=\"async\" width=\"1024\" height=\"530\" src=\"https:\/\/ethicaline.fr\/wp-content\/uploads\/2023\/11\/business-1024x530.png\" alt=\"\" class=\"wp-image-219 size-full\" srcset=\"https:\/\/ethicaline.fr\/wp-content\/uploads\/2023\/11\/business-1024x530.png 1024w, https:\/\/ethicaline.fr\/wp-content\/uploads\/2023\/11\/business-300x155.png 300w, https:\/\/ethicaline.fr\/wp-content\/uploads\/2023\/11\/business-768x398.png 768w, https:\/\/ethicaline.fr\/wp-content\/uploads\/2023\/11\/business-18x9.png 18w, https:\/\/ethicaline.fr\/wp-content\/uploads\/2023\/11\/business-600x311.png 600w, https:\/\/ethicaline.fr\/wp-content\/uploads\/2023\/11\/business.png 1194w\" sizes=\"(max-width: 1024px) 100vw, 1024px\" \/><\/figure><div class=\"wp-block-media-text__content\">\n<div class=\"wp-block-group wp-container-content-9cfa9a5a is-vertical is-nowrap is-layout-flex wp-container-core-group-is-layout-929c89a5 wp-block-group-is-layout-flex\">\n<h5 class=\"wp-block-heading has-nv-light-bg-color has-text-color has-link-color wp-elements-5bad06b608e10b50ce81d308ab31c262\" style=\"font-size:23px\">Approche GRC \u2013 Gouvernance, Risk &amp; Compliance<br>&nbsp;&nbsp;&nbsp;&nbsp;                                      &#8211;<br>Programme de pr\u00e9vention &amp; lutte anti-corruption<\/h5>\n<\/div>\n<\/div><\/div>\n<\/div>\n\n\n\n<div class=\"wp-block-column is-layout-flow wp-block-column-is-layout-flow\" style=\"flex-basis:10%\"><\/div>\n<\/div>\n\n\n\n<div style=\"height:46px\" aria-hidden=\"true\" class=\"wp-block-spacer\"><\/div>\n\n\n\n<div class=\"wp-block-columns is-layout-flex wp-container-core-columns-is-layout-9d6595d7 wp-block-columns-is-layout-flex\">\n<div class=\"wp-block-column is-layout-flow wp-block-column-is-layout-flow\">\n<div class=\"wp-block-group is-vertical is-layout-flex wp-container-core-group-is-layout-8cf370e7 wp-block-group-is-layout-flex\">\n<div class=\"wp-block-group is-vertical is-layout-flex wp-container-core-group-is-layout-8cf370e7 wp-block-group-is-layout-flex\">\n<h4 class=\"wp-block-heading has-neve-link-color-color has-text-color has-link-color wp-elements-47d239f521c0390e2fdbf615c4cc3915\">Cartographie et gestion des risques<\/h4>\n\n\n\n<div class=\"wp-block-group is-vertical is-layout-flex wp-container-core-group-is-layout-8cf370e7 wp-block-group-is-layout-flex\">\n<div class=\"wp-block-group is-vertical is-layout-flex wp-container-core-group-is-layout-8cf370e7 wp-block-group-is-layout-flex\">\n<div class=\"wp-block-group is-vertical is-layout-flex wp-container-core-group-is-layout-8cf370e7 wp-block-group-is-layout-flex\">\n<p style=\"font-size:16px\">Etape cruciale d\u2019identification des activit\u00e9s, zones g\u00e9ographiques, sujets prioritairement expos\u00e9s \u00e0 des faits de corruption ;<br>pr\u00e9alable \u00e0 toute conception de mesures et programme de pr\u00e9vention et de d\u00e9tection.<\/p>\n\n\n\n<ul class=\"wp-block-list\" style=\"font-size:16px\">\n<li>Biblioth\u00e8que de Risques de ESG, corruption, AML<\/li>\n\n\n\n<li>Exp\u00e9rience des sch\u00e9mas et pratiques \u00e0 l&rsquo;International<\/li>\n<\/ul>\n<\/div>\n<\/div>\n<\/div>\n<\/div>\n<\/div>\n<\/div>\n\n\n\n<div class=\"wp-block-column is-layout-flow wp-block-column-is-layout-flow\">\n<div class=\"wp-block-group is-vertical is-layout-flex wp-container-core-group-is-layout-8cf370e7 wp-block-group-is-layout-flex\">\n<div class=\"wp-block-group is-vertical is-layout-flex wp-container-core-group-is-layout-8cf370e7 wp-block-group-is-layout-flex\">\n<h4 class=\"wp-block-heading has-neve-link-color-color has-text-color has-link-color wp-elements-54dfa89eff759020dfc01932ddb31ba1\">Due diligence r\u00e9putationnelle tiers<\/h4>\n\n\n\n<div class=\"wp-block-group is-vertical is-layout-flex wp-container-core-group-is-layout-8cf370e7 wp-block-group-is-layout-flex\">\n<p style=\"font-size:16px\">Les parties prenantes : acteurs essentiels dans la chaine de valeur de l\u2019entreprise, mais \u00e9galement sensibles \u00e0 l\u2019exposition aux faits de corruption. Appr\u00e9hender le risque dans la relation d\u2019affaires avec les parties prenantes, pas des diligences et v\u00e9rifications ad\u00e9quates.<\/p>\n\n\n\n<ul class=\"wp-block-list\" style=\"font-size:16px\">\n<li>Cat\u00e9gorisation<\/li>\n\n\n\n<li>Risk-Based Triage<\/li>\n\n\n\n<li>Niveaux de diligence graduels <\/li>\n<\/ul>\n<\/div>\n<\/div>\n<\/div>\n<\/div>\n<\/div>\n\n\n\n<div class=\"wp-block-columns is-layout-flex wp-container-core-columns-is-layout-9d6595d7 wp-block-columns-is-layout-flex\">\n<div class=\"wp-block-column is-layout-flow wp-block-column-is-layout-flow\">\n<div class=\"wp-block-group is-vertical is-layout-flex wp-container-core-group-is-layout-8cf370e7 wp-block-group-is-layout-flex\">\n<div class=\"wp-block-group is-vertical is-layout-flex wp-container-core-group-is-layout-8cf370e7 wp-block-group-is-layout-flex\">\n<h4 class=\"wp-block-heading has-neve-link-color-color has-text-color has-link-color wp-elements-2e6af53774a9023c2232af0bea0b09a4\">Contr\u00f4les comptables<\/h4>\n\n\n\n<div class=\"wp-block-group is-vertical is-layout-flex wp-container-core-group-is-layout-8cf370e7 wp-block-group-is-layout-flex\">\n<div class=\"wp-block-group is-vertical is-layout-flex wp-container-core-group-is-layout-8cf370e7 wp-block-group-is-layout-flex\">\n<div class=\"wp-block-group is-vertical is-layout-flex wp-container-core-group-is-layout-8cf370e7 wp-block-group-is-layout-flex\">\n<p style=\"font-size:16px\">Mesures op\u00e9rationnelles au plus pr\u00e8s des activit\u00e9s, visant \u00e0 d\u00e9tecter les potentielles transactions supportant des faits de corruption.<\/p>\n\n\n\n<ul class=\"wp-block-list\" style=\"font-size:16px\">\n<li>Contr\u00f4les int\u00e9gr\u00e9s aux processus m\u00e9tiers<\/li>\n\n\n\n<li>D\u00e9veloppement de programmes de contr\u00f4le 1er Niveau \/ 2nd Niveau<\/li>\n<\/ul>\n<\/div>\n\n\n\n<p><\/p>\n\n\n\n<p><\/p>\n<\/div>\n<\/div>\n<\/div>\n<\/div>\n<\/div>\n\n\n\n<div class=\"wp-block-column is-layout-flow wp-block-column-is-layout-flow\">\n<div class=\"wp-block-group is-vertical is-layout-flex wp-container-core-group-is-layout-8cf370e7 wp-block-group-is-layout-flex\">\n<div class=\"wp-block-group is-vertical is-layout-flex wp-container-core-group-is-layout-8cf370e7 wp-block-group-is-layout-flex\">\n<h4 class=\"wp-block-heading has-neve-link-color-color has-text-color has-link-color wp-elements-886ffbe84cb28dd192fcfec0fa610748\">Environnement de Contr\u00f4le<\/h4>\n\n\n\n<div class=\"wp-block-group is-vertical is-layout-flex wp-container-core-group-is-layout-8cf370e7 wp-block-group-is-layout-flex\">\n<p>Alignement de l\u2019environnement de contr\u00f4le ; activit\u00e9s de contr\u00f4le interne embarqu\u00e9es au sein des processus op\u00e9rationnels et supports.<br>Int\u00e9gration des aspects Compliance dans la d\u00e9finition des activit\u00e9s de Contr\u00f4le 1er niveau (op\u00e9rationnel), 2e niveau (fonctions supports) et 3e niveau (Audit Interne).<\/p>\n\n\n\n<ul class=\"wp-block-list\" style=\"font-size:16px\">\n<li>Approche globale GRC<\/li>\n\n\n\n<li>Risk Management \/ Contr\u00f4le Interne \/ Audit Interne <\/li>\n<\/ul>\n<\/div>\n<\/div>\n<\/div>\n<\/div>\n<\/div>\n\n\n\n<div style=\"height:29px\" aria-hidden=\"true\" class=\"wp-block-spacer\"><\/div>\n\n\n\n<div class=\"wp-block-columns is-layout-flex wp-container-core-columns-is-layout-9d6595d7 wp-block-columns-is-layout-flex\">\n<div class=\"wp-block-column is-layout-flow wp-block-column-is-layout-flow\" style=\"flex-basis:15%\"><\/div>\n\n\n\n<div class=\"wp-block-column is-layout-flow wp-block-column-is-layout-flow\" style=\"flex-basis:770px\">\n<blockquote class=\"wp-block-quote is-layout-flow wp-block-quote-is-layout-flow\" style=\"font-size:22px\">\n<p class=\"has-neve-link-hover-color-color has-text-color has-link-color wp-elements-dc6e3da3b926f94c23317e0d901ca17a\" style=\"font-size:22px\"><em>Pour accompagner votre programme de Conformit\u00e9,<\/em><br><em>Ethicaline a d\u00e9velopp\u00e9 une Application Compliance \u2013<\/em><br><em>GRC Portal recueil centralis\u00e9 pour g\u00e9rer, d\u00e9ployer,<\/em><br><em>animer vos projets Gouvernance, Risk &amp; Compliance<\/em><\/p>\n<cite><a href=\"https:\/\/ethicaline.fr\/grc-portal\/\" data-type=\"page\" data-id=\"32\">D\u00e9couvrir GRC Portal \u2013 application<\/a><\/cite><\/blockquote>\n<\/div>\n\n\n\n<div class=\"wp-block-column is-layout-flow wp-block-column-is-layout-flow\" style=\"flex-basis:15px\"><\/div>\n<\/div>\n\n\n\n<div style=\"height:29px\" aria-hidden=\"true\" class=\"wp-block-spacer\"><\/div>\n\n\n\n<div class=\"wp-block-columns is-layout-flex wp-container-core-columns-is-layout-9d6595d7 wp-block-columns-is-layout-flex\">\n<div class=\"wp-block-column is-layout-flow wp-block-column-is-layout-flow\">\n<div class=\"wp-block-group is-vertical is-layout-flex wp-container-core-group-is-layout-8cf370e7 wp-block-group-is-layout-flex\">\n<div class=\"wp-block-group is-vertical is-layout-flex wp-container-core-group-is-layout-8cf370e7 wp-block-group-is-layout-flex\">\n<h4 class=\"wp-block-heading has-neve-link-color-color has-text-color has-link-color wp-elements-61031be34adc863d4e626199d1927832\">Programme d\u2019audit \/ Investigation anti-fraude<\/h4>\n\n\n\n<div class=\"wp-block-group is-vertical is-layout-flex wp-container-core-group-is-layout-8cf370e7 wp-block-group-is-layout-flex\">\n<div class=\"wp-block-group is-vertical is-layout-flex wp-container-core-group-is-layout-8cf370e7 wp-block-group-is-layout-flex\">\n<div class=\"wp-block-group is-vertical is-layout-flex wp-container-core-group-is-layout-8cf370e7 wp-block-group-is-layout-flex\">\n<p style=\"font-size:16px\">Accompagnement des Directions Audit Interne, Contr\u00f4le Interne, pour sensibiliser et former \u00e0 la d\u00e9tection de fraude, lors des revues d\u2019audit de processes, filiales, etc\u2026<\/p>\n\n\n\n<ul class=\"wp-block-list\" style=\"font-size:16px\">\n<li>Formation<\/li>\n\n\n\n<li>Programmes de d\u00e9tection<\/li>\n<\/ul>\n<\/div>\n\n\n\n<p><\/p>\n\n\n\n<p><\/p>\n<\/div>\n<\/div>\n<\/div>\n<\/div>\n<\/div>\n\n\n\n<div class=\"wp-block-column is-layout-flow wp-block-column-is-layout-flow\">\n<div class=\"wp-block-group is-vertical is-layout-flex wp-container-core-group-is-layout-8cf370e7 wp-block-group-is-layout-flex\">\n<div class=\"wp-block-group is-vertical is-layout-flex wp-container-core-group-is-layout-8cf370e7 wp-block-group-is-layout-flex\">\n<h4 class=\"wp-block-heading has-neve-link-color-color has-text-color has-link-color wp-elements-a35da827ad633a2ee65ba180fc886189\">D\u00e9tection de signaux faibles \u2013 Data Analytics<\/h4>\n\n\n\n<div class=\"wp-block-group is-vertical is-layout-flex wp-container-core-group-is-layout-8cf370e7 wp-block-group-is-layout-flex\">\n<p style=\"font-size:16px\">Approche \u00ab Big Data \u00bb et croisement des donn\u00e9es op\u00e9rationnelles, business, comptables, l\u00e9gales,\u2026 entrant dans une d\u00e9marche de d\u00e9tection de signaux faibles et de sch\u00e9mas de fraude et corruption.<br>Une d\u00e9marche m\u00e9tier mais \u00e9galement applicative, avec des applications de veille informationnelle.<\/p>\n\n\n\n<ul class=\"wp-block-list\" style=\"font-size:16px\">\n<li>Data Analytics<\/li>\n\n\n\n<li>Big Data <\/li>\n<\/ul>\n<\/div>\n<\/div>\n<\/div>\n<\/div>\n<\/div>\n\n\n\n<div style=\"height:203px\" aria-hidden=\"true\" class=\"wp-block-spacer\"><\/div>\n\n\n\n<a href=\"#\" id=\"scroll-to-top\"><\/a>\n","protected":false},"excerpt":{"rendered":"<p>. Expertise . Savoir-faire . Gestion de Projet . Exp\u00e9rience op\u00e9rationnelle . Programme de Compliance Conseil &amp;Accompagnement Obligation r\u00e9glementaire ouinitiative de bonne gouvernance Que ce soit dans la mise en conformit\u00e9 des obligations r\u00e9glementaires (Sapin 2, sanctions \u00e9conomiques OFAC, FCPA, UKBA,\u2026) ou initiative pour am\u00e9liorer la bonne gouvernance d\u2019entreprise, le d\u00e9ploiement de programme de compliance&hellip;&nbsp;<a href=\"https:\/\/ethicaline.fr\/fr\/compliance-advisory\/\" rel=\"bookmark\">Lire la suite &raquo;<span class=\"screen-reader-text\">Compliance Advisory<\/span><\/a><\/p>\n","protected":false},"author":1,"featured_media":6333,"parent":0,"menu_order":0,"comment_status":"closed","ping_status":"closed","template":"","meta":{"_uf_show_specific_survey":0,"_uf_disable_surveys":false,"neve_meta_sidebar":"","neve_meta_container":"","neve_meta_enable_content_width":"","neve_meta_content_width":0,"neve_meta_title_alignment":"","neve_meta_author_avatar":"","neve_post_elements_order":"","neve_meta_disable_header":"","neve_meta_disable_footer":"","neve_meta_disable_title":"on","footnotes":""},"class_list":["post-28","page","type-page","status-publish","has-post-thumbnail","hentry"],"_links":{"self":[{"href":"https:\/\/ethicaline.fr\/fr\/wp-json\/wp\/v2\/pages\/28","targetHints":{"allow":["GET"]}}],"collection":[{"href":"https:\/\/ethicaline.fr\/fr\/wp-json\/wp\/v2\/pages"}],"about":[{"href":"https:\/\/ethicaline.fr\/fr\/wp-json\/wp\/v2\/types\/page"}],"author":[{"embeddable":true,"href":"https:\/\/ethicaline.fr\/fr\/wp-json\/wp\/v2\/users\/1"}],"replies":[{"embeddable":true,"href":"https:\/\/ethicaline.fr\/fr\/wp-json\/wp\/v2\/comments?post=28"}],"version-history":[{"count":1,"href":"https:\/\/ethicaline.fr\/fr\/wp-json\/wp\/v2\/pages\/28\/revisions"}],"predecessor-version":[{"id":6715,"href":"https:\/\/ethicaline.fr\/fr\/wp-json\/wp\/v2\/pages\/28\/revisions\/6715"}],"wp:featuredmedia":[{"embeddable":true,"href":"https:\/\/ethicaline.fr\/fr\/wp-json\/wp\/v2\/media\/6333"}],"wp:attachment":[{"href":"https:\/\/ethicaline.fr\/fr\/wp-json\/wp\/v2\/media?parent=28"}],"curies":[{"name":"wp","href":"https:\/\/api.w.org\/{rel}","templated":true}]}}