{"id":64,"date":"2023-11-17T15:19:57","date_gmt":"2023-11-17T14:19:57","guid":{"rendered":"https:\/\/staging.ethicaline.eu\/?page_id=64"},"modified":"2023-12-05T12:03:56","modified_gmt":"2023-12-05T11:03:56","slug":"referral-programme","status":"publish","type":"page","link":"https:\/\/ethicaline.fr\/en\/referral-programme\/","title":{"rendered":"Referral program"},"content":{"rendered":"\n<div style=\"height:150px\" aria-hidden=\"true\" class=\"wp-block-spacer\"><\/div>\n\n\n\n<div id=\"wp-block-themeisle-blocks-advanced-columns-472bc45c\" class=\"wp-block-themeisle-blocks-advanced-columns has-1-columns has-desktop-equal-layout has-tablet-equal-layout has-mobile-equal-layout has-vertical-unset\"><div class=\"wp-block-themeisle-blocks-advanced-columns-overlay\"><\/div><div class=\"innerblocks-wrap\">\n<div id=\"wp-block-themeisle-blocks-advanced-column-656c53a0\" class=\"wp-block-themeisle-blocks-advanced-column\">\n<div class=\"wp-block-group is-vertical is-layout-flex wp-container-core-group-is-layout-8cf370e7 wp-block-group-is-layout-flex\">\n<h5>\n    <div class=\"slidingVertical\">\n      <span>. Partnership<\/span>\n      <span>. Continuum de services<\/span>\n      <span>. Expertises compl\u00e9mentaires<\/span>\n      <span>. Ecosyst\u00e8me<\/span>\n      <span>. Comp\u00e9tences crois\u00e9es<\/span>\n    <\/div>\n<\/h5>\n\n\n\n<h1 class=\"wp-block-heading has-neve-link-hover-color-color has-text-color has-link-color wp-elements-b85ba4564c549bd920f6d4fc3094d00e\" style=\"font-size:65px\"><em>Referral<\/em> <br><mark style=\"background-color:rgba(0, 0, 0, 0)\" class=\"has-inline-color has-neve-link-color-color\">Programme<\/mark><\/h1>\n<\/div>\n<\/div>\n<\/div><\/div>\n\n\n\n<div style=\"height:63px\" aria-hidden=\"true\" class=\"wp-block-spacer\"><\/div>\n\n\n\n<div class=\"wp-block-group is-vertical is-layout-flex wp-container-core-group-is-layout-8cf370e7 wp-block-group-is-layout-flex\">\n<div class=\"wp-block-group is-vertical is-layout-flex wp-container-core-group-is-layout-8cf370e7 wp-block-group-is-layout-flex\">\n<div class=\"wp-block-group is-vertical is-layout-flex wp-container-core-group-is-layout-8cf370e7 wp-block-group-is-layout-flex\">\n<h3 class=\"wp-block-heading\">Un \u00e9cosyst\u00e8me mutuellement b\u00e9n\u00e9fique<\/h3>\n\n\n\n<ul class=\"wp-block-list\">\n<li>Ethicaline offre \u00e0 ses partenaires d\u2019int\u00e9grer un \u00e9cosyst\u00e8me, dans lequel chaque professionnel apporte son expertise, ses savoir-faire mis \u00e0 disposition des clients qui nous ont confi\u00e9 leur gestion de ligne d\u2019alertes.<\/li>\n\n\n\n<li>En tant que partenaire de Ethicaline, vous serez l\u2019interlocuteur de r\u00e9f\u00e9rence pour accompagner nos clients et les clients que vous nous aurez recommand\u00e9s, lorsque des besoins de conseil\/accompagnement sp\u00e9cifique \u00e9mergeront, durant de la gestion d\u00e9l\u00e9gu\u00e9e du dispositif d\u2019alerte professionnelle.<\/li>\n<\/ul>\n<\/div>\n<\/div>\n<\/div>\n\n\n\n<div style=\"height:50px\" aria-hidden=\"true\" class=\"wp-block-spacer\"><\/div>\n\n\n\n<div class=\"wp-block-columns is-layout-flex wp-container-core-columns-is-layout-9d6595d7 wp-block-columns-is-layout-flex\">\n<div class=\"wp-block-column is-layout-flow wp-block-column-is-layout-flow\" style=\"flex-basis:8.7%\"><\/div>\n\n\n\n<div class=\"wp-block-column is-layout-flow wp-block-column-is-layout-flow\" style=\"flex-basis:57.97%\">\n<blockquote class=\"wp-block-quote has-neve-link-color-color has-text-color has-link-color wp-elements-963c6751843400ec3791f4ab7915b013 is-layout-flow wp-block-quote-is-layout-flow\" style=\"font-size:24px\">\n<h3 class=\"wp-block-heading has-neve-link-hover-color-color has-text-color has-link-color wp-elements-78767a349600c2746ea23eb3dbb7bd0c\" style=\"font-size:22px\"><em>A travers notre&nbsp;\u00ab&nbsp;Referral partnership&nbsp;\u00bb&nbsp;programme, nous collaborons avec des professionnels, experts dans leur domaine d\u2019activit\u00e9 respectifs, dont les comp\u00e9tences sont mises \u00e0 contribution pour accompagner nos clients, tout au long de la gestion d\u00e9l\u00e9gu\u00e9e<\/em>.<\/h3>\n<cite>Rejoignez la communaut\u00e9 de partenaires.<\/cite><\/blockquote>\n<\/div>\n\n\n\n<div class=\"wp-block-column is-layout-flow wp-block-column-is-layout-flow\" style=\"flex-basis:15%\"><\/div>\n<\/div>\n\n\n\n<div style=\"height:65px\" aria-hidden=\"true\" class=\"wp-block-spacer\"><\/div>\n\n\n\n<div class=\"wp-block-group is-vertical is-layout-flex wp-container-core-group-is-layout-8cf370e7 wp-block-group-is-layout-flex\">\n<h3 class=\"wp-block-heading has-neve-link-color-color has-text-color has-link-color wp-elements-42e6ca7fe601e1bf2ed6aaa999370317\">Un fonctionnement et<br>mod\u00e8le de r\u00e9mun\u00e9ration simple<\/h3>\n\n\n\n<ul class=\"wp-block-list\">\n<li>Nos partenaires recommandent les solutions Ethicaline aupr\u00e8s de leurs clients et contacts.<\/li>\n\n\n\n<li>Ils b\u00e9n\u00e9ficient d\u2019une commission de&nbsp;<em>\u00ab&nbsp;referral&nbsp;\u00bb&nbsp;<\/em>\u00e9quivalente \u00e0 un pourcentage de la totalit\u00e9 chiffre d\u2019affaires g\u00e9n\u00e9r\u00e9, sur une p\u00e9riode de deux ans, apr\u00e8s acceptation et validation de l\u2019opportunit\u00e9 r\u00e9f\u00e9r\u00e9e.<\/li>\n\n\n\n<li>Un accord de partenariat&nbsp;<em>\u00ab&nbsp;referral&nbsp;\u00bb<\/em>&nbsp;est formalis\u00e9 entre Ethicaline et le partenaire, encadrant les modalit\u00e9s du programme.<\/li>\n<\/ul>\n<\/div>\n\n\n\n<div style=\"height:110px\" aria-hidden=\"true\" class=\"wp-block-spacer\"><\/div>\n\n\n\n<div class=\"wp-block-columns is-layout-flex wp-container-core-columns-is-layout-9d6595d7 wp-block-columns-is-layout-flex\">\n<div class=\"wp-block-column is-layout-flow wp-block-column-is-layout-flow\" style=\"flex-basis:5%\"><\/div>\n\n\n\n<div class=\"wp-block-column is-layout-flow wp-block-column-is-layout-flow\" style=\"flex-basis:40%\">\n<blockquote class=\"wp-block-quote is-layout-flow wp-block-quote-is-layout-flow\">\n<p class=\"has-neve-link-color-color has-text-color has-link-color wp-elements-2a93a05b2c7cffe6f383801aa1c3425f\" style=\"font-size:25px\"><em>Prenez contact avec nous<\/em><br><em>pour en parler<\/em><\/p>\n<\/blockquote>\n<\/div>\n\n\n\n<div class=\"wp-block-column is-layout-flow wp-block-column-is-layout-flow\" style=\"flex-basis:45%\"><style id=\"wpforms-css-vars-139-block-7c1f48cb-beee-4646-8a0c-2e67515d4abe\">\n\t\t\t\t#wpforms-139.wpforms-block-7c1f48cb-beee-4646-8a0c-2e67515d4abe {\n\t\t\t\t--wpforms-button-border-radius: 0px;\n--wpforms-button-background-color: var(--nv-primary-accent);\n\t\t\t}\n\t\t\t<\/style><div class=\"wpforms-container wpforms-container-full wpforms-block wpforms-block-7c1f48cb-beee-4646-8a0c-2e67515d4abe wpforms-render-modern\" id=\"wpforms-139\"><form id=\"wpforms-form-139\" class=\"wpforms-validate wpforms-form wpforms-ajax-form\" data-formid=\"139\" method=\"post\" enctype=\"multipart\/form-data\" action=\"\/en\/wp-json\/wp\/v2\/pages\/64\" data-token=\"718248c63fd3db1d8d9bd51fe849b82e\" data-token-time=\"1778415161\"><noscript class=\"wpforms-error-noscript\">Please enable JavaScript in your browser to complete this form.<\/noscript><div id=\"wpforms-error-noscript\" style=\"display: none;\">Please enable JavaScript in your browser to complete this form.<\/div><div class=\"wpforms-field-container\"><div id=\"wpforms-139-field_0-container\" class=\"wpforms-field wpforms-field-name\" data-field-id=\"0\"><fieldset><legend class=\"wpforms-field-label\">Name <span class=\"wpforms-required-label\" aria-hidden=\"true\">*<\/span><\/legend><div class=\"wpforms-field-row wpforms-field-medium\"><div class=\"wpforms-field-row-block wpforms-first wpforms-one-half\"><input type=\"text\" id=\"wpforms-139-field_0\" class=\"wpforms-field-name-first wpforms-field-required\" name=\"wpforms[fields][0][first]\" aria-errormessage=\"wpforms-139-field_0-error\" required><label for=\"wpforms-139-field_0\" class=\"wpforms-field-sublabel after\">First<\/label><\/div><div class=\"wpforms-field-row-block wpforms-one-half\"><input type=\"text\" id=\"wpforms-139-field_0-last\" class=\"wpforms-field-name-last wpforms-field-required\" name=\"wpforms[fields][0][last]\" aria-errormessage=\"wpforms-139-field_0-last-error\" required><label for=\"wpforms-139-field_0-last\" class=\"wpforms-field-sublabel after\">Last<\/label><\/div><\/div><\/fieldset><\/div>\t\t<div id=\"wpforms-139-field_4-container\"\n\t\t\tclass=\"wpforms-field wpforms-field-text\"\n\t\t\tdata-field-type=\"text\"\n\t\t\tdata-field-id=\"4\"\n\t\t\t>\n\t\t\t<label class=\"wpforms-field-label\" for=\"wpforms-139-field_4\" >Message Comment GDPR<\/label>\n\t\t\t<input type=\"text\" id=\"wpforms-139-field_4\" class=\"wpforms-field-medium\" name=\"wpforms[fields][4]\" >\n\t\t<\/div>\n\t\t<div id=\"wpforms-139-field_1-container\" class=\"wpforms-field wpforms-field-email\" data-field-id=\"1\"><label class=\"wpforms-field-label\" for=\"wpforms-139-field_1\">Email <span class=\"wpforms-required-label\" aria-hidden=\"true\">*<\/span><\/label><input type=\"email\" id=\"wpforms-139-field_1\" class=\"wpforms-field-medium wpforms-field-required\" name=\"wpforms[fields][1]\" spellcheck=\"false\" aria-errormessage=\"wpforms-139-field_1-error\" required><\/div><div id=\"wpforms-139-field_2-container\" class=\"wpforms-field wpforms-field-textarea\" data-field-id=\"2\"><label class=\"wpforms-field-label\" for=\"wpforms-139-field_2\">Comment \/ Message <span class=\"wpforms-required-label\" aria-hidden=\"true\">*<\/span><\/label><textarea id=\"wpforms-139-field_2\" class=\"wpforms-field-medium wpforms-field-required\" name=\"wpforms[fields][2]\" aria-errormessage=\"wpforms-139-field_2-error\" required><\/textarea><\/div><div id=\"wpforms-139-field_3-container\" class=\"wpforms-field wpforms-field-gdpr-checkbox\" data-field-id=\"3\"><label class=\"wpforms-field-label\">GDPR Agreement <span class=\"wpforms-required-label\" aria-hidden=\"true\">*<\/span><\/label><ul id=\"wpforms-139-field_3\" class=\"wpforms-field-required\"><li class=\"choice-1\"><input type=\"checkbox\" id=\"wpforms-139-field_3_1\" name=\"wpforms[fields][3][]\" value=\"J&#039;accepte que ce site stocke les informations que j&#039;ai soumises afin qu&#039;il puisse r\u00e9pondre \u00e0 ma demande.\" aria-errormessage=\"wpforms-139-field_3_1-error\" required ><label class=\"wpforms-field-label-inline\" for=\"wpforms-139-field_3_1\">J&rsquo;accepte que ce site stocke les informations que j&rsquo;ai soumises afin qu&rsquo;il puisse r\u00e9pondre \u00e0 ma demande.<\/label><\/li><\/ul><\/div><script>\n\t\t\t\t( function() {\n\t\t\t\t\tconst style = document.createElement( 'style' );\n\t\t\t\t\tstyle.appendChild( document.createTextNode( '#wpforms-139-field_4-container { position: absolute !important; overflow: hidden !important; display: inline !important; height: 1px !important; width: 1px !important; z-index: -1000 !important; padding: 0 !important; } #wpforms-139-field_4-container input { visibility: hidden; } #wpforms-conversational-form-page #wpforms-139-field_4-container label { counter-increment: none; }' ) );\n\t\t\t\t\tdocument.head.appendChild( style );\n\t\t\t\t\tdocument.currentScript?.remove();\n\t\t\t\t} )();\n\t\t\t<\/script><\/div><!-- .wpforms-field-container -->\r\n\t\t\t<script>\r\n\t\t\tif ( typeof huOptions !== 'undefined' ) {\r\n\t\t\t\tvar huFormData = {\"source\":\"wpforms\",\"id\":139,\"title\":\"Simple Contact Form\",\"fields\":{\"subject\":{\"first_name\":\"\",\"last_name\":\"\"}}};\r\n\t\t\t\tvar huFormNode = document.querySelector( '[id=\"wpforms-139\"] form' );\r\n\r\n\t\t\t\tvar firstName = huFormNode.querySelector( 'input.wpforms-field-name-first' );\r\n\t\t\t\tvar lastName = huFormNode.querySelector( 'input.wpforms-field-name-last' );\r\n\r\n\t\t\t\tif ( firstName )\r\n\t\t\t\t\thuFormData['fields']['subject']['first_name'] = firstName.getAttribute( 'name' );\r\n\r\n\t\t\t\tif ( lastName )\r\n\t\t\t\t\thuFormData['fields']['subject']['last_name'] = lastName.getAttribute( 'name' );\r\n\r\n\t\t\t\thuFormData['node'] = huFormNode;\r\n\t\t\t\thuOptions['forms'].push( huFormData );\r\n\t\t\t}\r\n\t\t\t<\/script><div class=\"wpforms-recaptcha-container wpforms-is-turnstile\" ><div class=\"wpforms-turnstile\" data-sitekey=\"0x4AAAAAACF974wirp1hyew6\" data-action=\"FormID-139\"><\/div><input type=\"text\" name=\"g-recaptcha-hidden\" class=\"wpforms-recaptcha-hidden\" style=\"position:absolute!important;clip:rect(0,0,0,0)!important;height:1px!important;width:1px!important;border:0!important;overflow:hidden!important;padding:0!important;margin:0!important;\" data-rule-turnstile=\"1\"><\/div><div class=\"wpforms-submit-container\" ><input type=\"hidden\" name=\"wpforms[id]\" value=\"139\"><input type=\"hidden\" name=\"page_title\" value=\"\"><input type=\"hidden\" name=\"page_url\" value=\"https:\/\/ethicaline.fr\/en\/wp-json\/wp\/v2\/pages\/64\"><input type=\"hidden\" name=\"url_referer\" value=\"\"><button type=\"submit\" name=\"wpforms[submit]\" id=\"wpforms-submit-139\" class=\"wpforms-submit\" data-alt-text=\"Sending...\" data-submit-text=\"Submit\" aria-live=\"assertive\" value=\"wpforms-submit\">Submit<\/button><img decoding=\"async\" src=\"https:\/\/ethicaline.fr\/wp-content\/plugins\/wpforms-lite\/assets\/images\/submit-spin.svg\" class=\"wpforms-submit-spinner\" style=\"display: none;\" width=\"26\" height=\"26\" alt=\"Loading\"><\/div><\/form><\/div>  <!-- .wpforms-container --><\/div>\n<\/div>\n\n\n\n<div style=\"height:297px\" aria-hidden=\"true\" class=\"wp-block-spacer\"><\/div>\n\n\n\n<a href=\"#\" id=\"scroll-to-top\"><\/a>\n","protected":false},"excerpt":{"rendered":"<p>Un \u00e9cosyst\u00e8me mutuellement b\u00e9n\u00e9fique A travers notre&nbsp;\u00ab&nbsp;Referral partnership&nbsp;\u00bb&nbsp;programme, nous collaborons avec des professionnels, experts dans leur domaine d\u2019activit\u00e9 respectifs, dont les comp\u00e9tences sont mises \u00e0 contribution pour accompagner nos clients, tout au long de la gestion d\u00e9l\u00e9gu\u00e9e. Un fonctionnement etmod\u00e8le de r\u00e9mun\u00e9ration simple Prenez contact avec nouspour en parler<\/p>","protected":false},"author":1,"featured_media":6342,"parent":0,"menu_order":0,"comment_status":"closed","ping_status":"closed","template":"","meta":{"_uf_show_specific_survey":0,"_uf_disable_surveys":false,"neve_meta_sidebar":"","neve_meta_container":"","neve_meta_enable_content_width":"","neve_meta_content_width":0,"neve_meta_title_alignment":"","neve_meta_author_avatar":"","neve_post_elements_order":"","neve_meta_disable_header":"","neve_meta_disable_footer":"","neve_meta_disable_title":"on","footnotes":""},"class_list":["post-64","page","type-page","status-publish","has-post-thumbnail","hentry"],"_links":{"self":[{"href":"https:\/\/ethicaline.fr\/en\/wp-json\/wp\/v2\/pages\/64","targetHints":{"allow":["GET"]}}],"collection":[{"href":"https:\/\/ethicaline.fr\/en\/wp-json\/wp\/v2\/pages"}],"about":[{"href":"https:\/\/ethicaline.fr\/en\/wp-json\/wp\/v2\/types\/page"}],"author":[{"embeddable":true,"href":"https:\/\/ethicaline.fr\/en\/wp-json\/wp\/v2\/users\/1"}],"replies":[{"embeddable":true,"href":"https:\/\/ethicaline.fr\/en\/wp-json\/wp\/v2\/comments?post=64"}],"version-history":[{"count":0,"href":"https:\/\/ethicaline.fr\/en\/wp-json\/wp\/v2\/pages\/64\/revisions"}],"wp:featuredmedia":[{"embeddable":true,"href":"https:\/\/ethicaline.fr\/en\/wp-json\/wp\/v2\/media\/6342"}],"wp:attachment":[{"href":"https:\/\/ethicaline.fr\/en\/wp-json\/wp\/v2\/media?parent=64"}],"curies":[{"name":"wp","href":"https:\/\/api.w.org\/{rel}","templated":true}]}}