{"id":60,"date":"2023-11-17T15:18:52","date_gmt":"2023-11-17T14:18:52","guid":{"rendered":"https:\/\/staging.ethicaline.eu\/?page_id=60"},"modified":"2023-12-05T12:27:06","modified_gmt":"2023-12-05T11:27:06","slug":"qui-sommes-nous","status":"publish","type":"page","link":"https:\/\/ethicaline.fr\/en\/qui-sommes-nous\/","title":{"rendered":"Who are we ?"},"content":{"rendered":"<div style=\"height:150px\" aria-hidden=\"true\" class=\"wp-block-spacer\"><\/div>\n\n\n\n<div class=\"wp-block-columns is-layout-flex wp-container-core-columns-is-layout-9d6595d7 wp-block-columns-is-layout-flex\">\n<div class=\"wp-block-column is-layout-flow wp-block-column-is-layout-flow\">\n<div style=\"height:23px\" aria-hidden=\"true\" class=\"wp-block-spacer\"><\/div>\n\n\n\n<div class=\"wp-block-group is-vertical is-layout-flex wp-container-core-group-is-layout-8cf370e7 wp-block-group-is-layout-flex\">\n<h5>\n    <div class=\"slidingVertical\">\n      <span>. Certified Fraud Examiners<\/span>\n      <span>. Compliance background<\/span>\n      <span>. Seasoned Investigators<\/span>\n      <span>. Corporate &amp; Advisory<\/span>\n      <span>. International Exposure<\/span>\n    <\/div>\n<\/h5>\n\n\n\n<h1 class=\"wp-block-heading has-neve-link-hover-color-color has-text-color has-link-color wp-elements-afc580c8f4838eb0bdcf03a8e30462d5\" style=\"font-size:65px\">Who <br><mark style=\"background-color:rgba(0, 0, 0, 0)\" class=\"has-inline-color has-neve-link-color-color\">are we?<\/mark><\/h1>\n<\/div>\n<\/div>\n\n\n\n<div class=\"wp-block-column is-layout-flow wp-block-column-is-layout-flow\">\n<figure class=\"wp-block-image size-full\"><img decoding=\"async\" width=\"342\" height=\"285\" src=\"https:\/\/ethicaline.fr\/wp-content\/uploads\/2023\/12\/contact-photo.png\" alt=\"\" class=\"wp-image-945\" srcset=\"https:\/\/ethicaline.fr\/wp-content\/uploads\/2023\/12\/contact-photo.png 342w, https:\/\/ethicaline.fr\/wp-content\/uploads\/2023\/12\/contact-photo-300x250.png 300w, https:\/\/ethicaline.fr\/wp-content\/uploads\/2023\/12\/contact-photo-14x12.png 14w\" sizes=\"(max-width: 342px) 100vw, 342px\" \/><\/figure>\n<\/div>\n<\/div>\n\n\n\n<div style=\"height:63px\" aria-hidden=\"true\" class=\"wp-block-spacer\"><\/div>\n\n\n\n<div class=\"wp-block-group is-vertical is-layout-flex wp-container-core-group-is-layout-8cf370e7 wp-block-group-is-layout-flex\">\n<h3 class=\"wp-block-heading has-neve-link-hover-color-color has-text-color has-link-color wp-elements-85613418173f77dcbb345ce1148d8ebc wp-container-content-b0b89ccb\">Professionals in Compliance &amp; Investigations<\/h3>\n\n\n\n<ul class=\"wp-block-list\">\n<li>operational experience in compliance, dealing with alerts and associated investigations;<\/li>\n\n\n\n<li>expertise in a consulting firm, specializing in the deployment of compliance systems with Sapin 2, FCPA, UKBA regulations.<\/li>\n<\/ul>\n<\/div>\n\n\n\n<div style=\"height:19px\" aria-hidden=\"true\" class=\"wp-block-spacer\"><\/div>\n\n\n\n<div class=\"wp-block-columns is-layout-flex wp-container-core-columns-is-layout-9d6595d7 wp-block-columns-is-layout-flex\">\n<div class=\"wp-block-column is-layout-flow wp-block-column-is-layout-flow\" style=\"flex-basis:8.7%\"><\/div>\n\n\n\n<div class=\"wp-block-column is-layout-flow wp-block-column-is-layout-flow\" style=\"flex-basis:57.97%\">\n<blockquote class=\"wp-block-quote is-layout-flow wp-block-quote-is-layout-flow\" style=\"font-size:18px\">\n<p class=\"has-neve-link-color-color has-text-color has-link-color wp-elements-50708a18e55f7eda669f86383a5d232e\" style=\"font-size:33px\"><em>Certified Fraud Examiners &#8211; CFE<\/em><\/p>\n<cite>Ethicaline seasoned professionals are \u201cCertified Fraud Examiners\u201d, an international organization defining standards for the fight against Fraud and Corruption.<br><br>Our seasoned investigators have carried out more than a hundred investigative engagements in the matters of ESG, Ethics and Fraud, worldwide.<\/cite><\/blockquote>\n<\/div>\n\n\n\n<div class=\"wp-block-column is-layout-flow wp-block-column-is-layout-flow\" style=\"flex-basis:15%\"><\/div>\n<\/div>\n\n\n\n<div style=\"height:75px\" aria-hidden=\"true\" class=\"wp-block-spacer\"><\/div>\n\n\n\n<div class=\"wp-block-columns is-layout-flex wp-container-core-columns-is-layout-9d6595d7 wp-block-columns-is-layout-flex\">\n<div class=\"wp-block-column is-layout-flow wp-block-column-is-layout-flow\" style=\"flex-basis:100%\">\n<div class=\"wp-block-media-text is-vertically-aligned-center has-background\" style=\"background:linear-gradient(135deg,rgb(17,17,18) 0%,rgb(76,76,76) 100%);grid-template-columns:33% auto\"><figure class=\"wp-block-media-text__media\"><img decoding=\"async\" width=\"1024\" height=\"530\" src=\"https:\/\/ethicaline.fr\/wp-content\/uploads\/2023\/11\/BG-23-1024x530.jpg\" alt=\"\" class=\"wp-image-125 size-full\" srcset=\"https:\/\/ethicaline.fr\/wp-content\/uploads\/2023\/11\/BG-23-1024x530.jpg 1024w, https:\/\/ethicaline.fr\/wp-content\/uploads\/2023\/11\/BG-23-300x155.jpg 300w, https:\/\/ethicaline.fr\/wp-content\/uploads\/2023\/11\/BG-23-768x397.jpg 768w, https:\/\/ethicaline.fr\/wp-content\/uploads\/2023\/11\/BG-23-18x9.jpg 18w, https:\/\/ethicaline.fr\/wp-content\/uploads\/2023\/11\/BG-23-600x310.jpg 600w, https:\/\/ethicaline.fr\/wp-content\/uploads\/2023\/11\/BG-23.jpg 1400w\" sizes=\"(max-width: 1024px) 100vw, 1024px\" \/><\/figure><div class=\"wp-block-media-text__content\">\n<div class=\"wp-block-group wp-container-content-9cfa9a5a is-vertical is-nowrap is-layout-flex wp-container-core-group-is-layout-929c89a5 wp-block-group-is-layout-flex\">\n<h4 class=\"wp-block-heading has-nv-light-bg-color has-text-color has-link-color wp-elements-859cdf2e9d5febb47279262e9f902ed3\" style=\"font-size:28px\">International experience<br>&nbsp;&nbsp;&nbsp;&nbsp;&#8211;<br>in Corporates &amp; Advisory Firms<\/h4>\n<\/div>\n<\/div><\/div>\n<\/div>\n\n\n\n<div class=\"wp-block-column is-layout-flow wp-block-column-is-layout-flow\" style=\"flex-basis:25%\"><\/div>\n<\/div>\n\n\n\n<div style=\"height:17px\" aria-hidden=\"true\" class=\"wp-block-spacer\"><\/div>\n\n\n\n<div class=\"wp-block-columns is-layout-flex wp-container-core-columns-is-layout-9d6595d7 wp-block-columns-is-layout-flex\">\n<div class=\"wp-block-column is-layout-flow wp-block-column-is-layout-flow\">\n<div class=\"wp-block-group is-vertical is-layout-flex wp-container-core-group-is-layout-8cf370e7 wp-block-group-is-layout-flex\">\n<h4 class=\"wp-block-heading has-neve-link-color-color has-text-color has-link-color wp-elements-8214d978dc5dcb0625390d2a04bc6255\"><\/h4>\n\n\n\n<div class=\"wp-block-group is-vertical is-layout-flex wp-container-core-group-is-layout-8cf370e7 wp-block-group-is-layout-flex\">\n<div class=\"wp-block-group is-vertical is-layout-flex wp-container-core-group-is-layout-8cf370e7 wp-block-group-is-layout-flex\">\n<div class=\"wp-block-group is-vertical is-layout-flex wp-container-core-group-is-layout-8cf370e7 wp-block-group-is-layout-flex\">\n<p>The founding partners have a wealth of experience and have worked for more than ten years in Risk, Compliance and Investigations functions, having handled hundreds of feedback, reports and allegations in interaction with whistleblowers.<\/p>\n\n\n\n<p><\/p>\n<\/div>\n<\/div>\n<\/div>\n<\/div>\n<\/div>\n\n\n\n<div class=\"wp-block-column is-layout-flow wp-block-column-is-layout-flow\">\n<div class=\"wp-block-group is-vertical is-layout-flex wp-container-core-group-is-layout-8cf370e7 wp-block-group-is-layout-flex\">\n<h4 class=\"wp-block-heading has-neve-link-color-color has-text-color has-link-color wp-elements-8214d978dc5dcb0625390d2a04bc6255\"><\/h4>\n\n\n\n<div class=\"wp-block-group is-vertical is-layout-flex wp-container-core-group-is-layout-8cf370e7 wp-block-group-is-layout-flex\">\n<p>They have notably implemented compliance systems for the prevention and detection of conflicts of interest, fraud, collusion and corruption of agents, within large French and international groups.<\/p>\n<\/div>\n<\/div>\n<\/div>\n<\/div>\n\n\n\n<div style=\"height:297px\" aria-hidden=\"true\" class=\"wp-block-spacer\"><\/div>\n\n\n\n<a href=\"#\" id=\"scroll-to-top\"><\/a>","protected":false},"excerpt":{"rendered":"<p>. Certified Fraud Examiners . Background Compliance . Investigateurs aguerris . Industries &#038; Conseil . Exposition internationale Qui sommes-nous ? Professionnels en Compliance &amp; Investigations Certified Fraud Examiners &#8211; CFE Exp\u00e9rience internationale&nbsp;&nbsp;&nbsp;&nbsp;&#8211;Industries &amp; Conseil Les associ\u00e9s fondateurs capitalisent une riche exp\u00e9rience et travaillent depuis plus de dix ans dans des fonctions de Risques, Conformit\u00e9 ou&hellip;&nbsp;<a href=\"https:\/\/ethicaline.fr\/en\/qui-sommes-nous\/\" rel=\"bookmark\">Read More &raquo;<span class=\"screen-reader-text\">Who are we ?<\/span><\/a><\/p>","protected":false},"author":1,"featured_media":6326,"parent":0,"menu_order":0,"comment_status":"closed","ping_status":"closed","template":"","meta":{"_uf_show_specific_survey":0,"_uf_disable_surveys":false,"neve_meta_sidebar":"","neve_meta_container":"","neve_meta_enable_content_width":"","neve_meta_content_width":0,"neve_meta_title_alignment":"","neve_meta_author_avatar":"","neve_post_elements_order":"","neve_meta_disable_header":"","neve_meta_disable_footer":"","neve_meta_disable_title":"on","footnotes":""},"class_list":["post-60","page","type-page","status-publish","has-post-thumbnail","hentry"],"_links":{"self":[{"href":"https:\/\/ethicaline.fr\/en\/wp-json\/wp\/v2\/pages\/60","targetHints":{"allow":["GET"]}}],"collection":[{"href":"https:\/\/ethicaline.fr\/en\/wp-json\/wp\/v2\/pages"}],"about":[{"href":"https:\/\/ethicaline.fr\/en\/wp-json\/wp\/v2\/types\/page"}],"author":[{"embeddable":true,"href":"https:\/\/ethicaline.fr\/en\/wp-json\/wp\/v2\/users\/1"}],"replies":[{"embeddable":true,"href":"https:\/\/ethicaline.fr\/en\/wp-json\/wp\/v2\/comments?post=60"}],"version-history":[{"count":0,"href":"https:\/\/ethicaline.fr\/en\/wp-json\/wp\/v2\/pages\/60\/revisions"}],"wp:featuredmedia":[{"embeddable":true,"href":"https:\/\/ethicaline.fr\/en\/wp-json\/wp\/v2\/media\/6326"}],"wp:attachment":[{"href":"https:\/\/ethicaline.fr\/en\/wp-json\/wp\/v2\/media?parent=60"}],"curies":[{"name":"wp","href":"https:\/\/api.w.org\/{rel}","templated":true}]}}