{"id":28,"date":"2023-11-17T14:50:31","date_gmt":"2023-11-17T13:50:31","guid":{"rendered":"https:\/\/staging.ethicaline.eu\/?page_id=28"},"modified":"2023-12-14T18:31:38","modified_gmt":"2023-12-14T17:31:38","slug":"compliance-advisory","status":"publish","type":"page","link":"https:\/\/ethicaline.fr\/en\/compliance-advisory\/","title":{"rendered":"Compliance Advisory"},"content":{"rendered":"<div style=\"height:150px\" aria-hidden=\"true\" class=\"wp-block-spacer\"><\/div>\n\n\n\n<div class=\"wp-block-group is-vertical is-layout-flex wp-container-core-group-is-layout-8cf370e7 wp-block-group-is-layout-flex\">\n<div class=\"wp-block-group is-vertical is-layout-flex wp-container-core-group-is-layout-8cf370e7 wp-block-group-is-layout-flex\">\n<h5>\n    <div class=\"slidingVertical\">\n      <span>. Expertise<\/span>\n      <span>. Know-how<\/span>\n      <span>. Project Management<\/span>\n      <span>. Operational experience<\/span>\n      <span>. Compliance Programme<\/span>\n    <\/div>\n<\/h5>\n\n\n\n<h1 class=\"wp-block-heading has-neve-link-hover-color-color has-text-color has-link-color wp-elements-6fbd01aee9fab818e390c58fd9635204\" style=\"font-size:65px\">Compliance Advisory<br><mark style=\"background-color:rgba(0, 0, 0, 0)\" class=\"has-inline-color has-neve-link-color-color\">&amp; Project Management<\/mark><\/h1>\n<\/div>\n<\/div>\n\n\n\n<div class=\"wp-block-columns is-layout-flex wp-container-core-columns-is-layout-9d6595d7 wp-block-columns-is-layout-flex\">\n<div class=\"wp-block-column is-layout-flow wp-block-column-is-layout-flow\" style=\"flex-basis:35%\"><\/div>\n\n\n\n<div class=\"wp-block-column is-layout-flow wp-block-column-is-layout-flow\" style=\"flex-basis:50%\">\n<div style=\"height:25px\" aria-hidden=\"true\" class=\"wp-block-spacer\"><\/div>\n\n\n\n<figure class=\"wp-block-image size-full is-resized\"><img decoding=\"async\" width=\"158\" height=\"156\" src=\"https:\/\/ethicaline.fr\/wp-content\/uploads\/2023\/12\/arrow-grey_extention.png\" alt=\"\" class=\"wp-image-930\" style=\"width:130px\" srcset=\"https:\/\/ethicaline.fr\/wp-content\/uploads\/2023\/12\/arrow-grey_extention.png 158w, https:\/\/ethicaline.fr\/wp-content\/uploads\/2023\/12\/arrow-grey_extention-12x12.png 12w, https:\/\/ethicaline.fr\/wp-content\/uploads\/2023\/12\/arrow-grey_extention-100x100.png 100w\" sizes=\"(max-width: 158px) 100vw, 158px\" \/><\/figure>\n<\/div>\n<\/div>\n\n\n\n<div style=\"height:63px\" aria-hidden=\"true\" class=\"wp-block-spacer\"><\/div>\n\n\n\n<div class=\"wp-block-columns is-layout-flex wp-container-core-columns-is-layout-9d6595d7 wp-block-columns-is-layout-flex\">\n<div class=\"wp-block-column is-layout-flow wp-block-column-is-layout-flow\" style=\"flex-basis:70%\">\n<div class=\"wp-block-group is-vertical is-layout-flex wp-container-core-group-is-layout-8cf370e7 wp-block-group-is-layout-flex\">\n<div class=\"wp-block-group is-vertical is-layout-flex wp-container-core-group-is-layout-8cf370e7 wp-block-group-is-layout-flex\">\n<h3 class=\"wp-block-heading has-neve-link-color-color has-text-color has-link-color wp-elements-2d39dea36bae95218e849932bef30308\"><em>Regulatory obligation or<br>best-in-class governance initiative<\/em><\/h3>\n\n\n\n<p>Whether in the compliance of regulatory obligations (Sapin 2, economic sanctions OFAC, FCPA, UKBA, etc.) or initiative to improve good corporate governance, the deployment of a compliance program necessarily requires expertise, communication, educational approach , implementation experience, to calmly approach these large-scale projects.<\/p>\n\n\n\n<p>Ethicaline, with its experienced associates, provides you with technical expertise and \u201csoft-skills\u201d to successfully carry out your compliance projects and encourage the support of operational staff and management bodies for the new compliance rules.<\/p>\n<\/div>\n<\/div>\n<\/div>\n\n\n\n<div class=\"wp-block-column is-layout-flow wp-block-column-is-layout-flow\" style=\"flex-basis:7.69%\"><\/div>\n<\/div>\n\n\n\n<div style=\"height:98px\" aria-hidden=\"true\" class=\"wp-block-spacer\"><\/div>\n\n\n\n<div class=\"wp-block-columns is-layout-flex wp-container-core-columns-is-layout-9d6595d7 wp-block-columns-is-layout-flex\">\n<div class=\"wp-block-column is-layout-flow wp-block-column-is-layout-flow\" style=\"flex-basis:100%\">\n<div class=\"wp-block-media-text is-vertically-aligned-center has-background\" style=\"background:linear-gradient(135deg,rgb(17,17,18) 0%,rgb(76,76,76) 100%);grid-template-columns:25% auto\"><figure class=\"wp-block-media-text__media\"><img decoding=\"async\" width=\"1024\" height=\"530\" src=\"https:\/\/ethicaline.fr\/wp-content\/uploads\/2023\/11\/business-1024x530.png\" alt=\"\" class=\"wp-image-219 size-full\" srcset=\"https:\/\/ethicaline.fr\/wp-content\/uploads\/2023\/11\/business-1024x530.png 1024w, https:\/\/ethicaline.fr\/wp-content\/uploads\/2023\/11\/business-300x155.png 300w, https:\/\/ethicaline.fr\/wp-content\/uploads\/2023\/11\/business-768x398.png 768w, https:\/\/ethicaline.fr\/wp-content\/uploads\/2023\/11\/business-18x9.png 18w, https:\/\/ethicaline.fr\/wp-content\/uploads\/2023\/11\/business-600x311.png 600w, https:\/\/ethicaline.fr\/wp-content\/uploads\/2023\/11\/business.png 1194w\" sizes=\"(max-width: 1024px) 100vw, 1024px\" \/><\/figure><div class=\"wp-block-media-text__content\">\n<div class=\"wp-block-group wp-container-content-9cfa9a5a is-vertical is-nowrap is-layout-flex wp-container-core-group-is-layout-929c89a5 wp-block-group-is-layout-flex\">\n<h5 class=\"wp-block-heading has-nv-light-bg-color has-text-color has-link-color wp-elements-5bad06b608e10b50ce81d308ab31c262\" style=\"font-size:23px\">GRC approach \u2013 Governance, Risk &amp; Compliance<br>&nbsp;&nbsp;&nbsp;&nbsp;                                      &#8211;<br>Anti-corruption prevention and fight program<\/h5>\n<\/div>\n<\/div><\/div>\n<\/div>\n\n\n\n<div class=\"wp-block-column is-layout-flow wp-block-column-is-layout-flow\" style=\"flex-basis:10%\"><\/div>\n<\/div>\n\n\n\n<div style=\"height:46px\" aria-hidden=\"true\" class=\"wp-block-spacer\"><\/div>\n\n\n\n<div class=\"wp-block-columns is-layout-flex wp-container-core-columns-is-layout-9d6595d7 wp-block-columns-is-layout-flex\">\n<div class=\"wp-block-column is-layout-flow wp-block-column-is-layout-flow\">\n<div class=\"wp-block-group is-vertical is-layout-flex wp-container-core-group-is-layout-8cf370e7 wp-block-group-is-layout-flex\">\n<div class=\"wp-block-group is-vertical is-layout-flex wp-container-core-group-is-layout-8cf370e7 wp-block-group-is-layout-flex\">\n<h4 class=\"wp-block-heading has-neve-link-color-color has-text-color has-link-color wp-elements-47d239f521c0390e2fdbf615c4cc3915\">Risk mapping and management<\/h4>\n\n\n\n<div class=\"wp-block-group is-vertical is-layout-flex wp-container-core-group-is-layout-8cf370e7 wp-block-group-is-layout-flex\">\n<div class=\"wp-block-group is-vertical is-layout-flex wp-container-core-group-is-layout-8cf370e7 wp-block-group-is-layout-flex\">\n<div class=\"wp-block-group is-vertical is-layout-flex wp-container-core-group-is-layout-8cf370e7 wp-block-group-is-layout-flex\">\n<p style=\"font-size:16px\">Crucial step in identifying activities, geographic areas, subjects primarily exposed to acts of corruption;<br>prior to any design of prevention and detection measures and programs.<\/p>\n\n\n\n<ul class=\"wp-block-list\" style=\"font-size:16px\">\n<li>ESG, corruption, AML Risk Library<\/li>\n\n\n\n<li>Experience of international schemes and practices<\/li>\n<\/ul>\n<\/div>\n<\/div>\n<\/div>\n<\/div>\n<\/div>\n<\/div>\n\n\n\n<div class=\"wp-block-column is-layout-flow wp-block-column-is-layout-flow\">\n<div class=\"wp-block-group is-vertical is-layout-flex wp-container-core-group-is-layout-8cf370e7 wp-block-group-is-layout-flex\">\n<div class=\"wp-block-group is-vertical is-layout-flex wp-container-core-group-is-layout-8cf370e7 wp-block-group-is-layout-flex\">\n<h4 class=\"wp-block-heading has-neve-link-color-color has-text-color has-link-color wp-elements-54dfa89eff759020dfc01932ddb31ba1\">Third-party reputational due diligence<\/h4>\n\n\n\n<div class=\"wp-block-group is-vertical is-layout-flex wp-container-core-group-is-layout-8cf370e7 wp-block-group-is-layout-flex\">\n<p style=\"font-size:16px\">Stakeholders: essential players in the company&#039;s value chain, but also sensitive to exposure to corruption. Understanding the risk in the business relationship with stakeholders, not adequate due diligence and verification.<\/p>\n\n\n\n<ul class=\"wp-block-list\" style=\"font-size:16px\">\n<li>Categorization<\/li>\n\n\n\n<li>Risk-Based Triage<\/li>\n\n\n\n<li>Gradual Levels of Diligence <\/li>\n<\/ul>\n<\/div>\n<\/div>\n<\/div>\n<\/div>\n<\/div>\n\n\n\n<div class=\"wp-block-columns is-layout-flex wp-container-core-columns-is-layout-9d6595d7 wp-block-columns-is-layout-flex\">\n<div class=\"wp-block-column is-layout-flow wp-block-column-is-layout-flow\">\n<div class=\"wp-block-group is-vertical is-layout-flex wp-container-core-group-is-layout-8cf370e7 wp-block-group-is-layout-flex\">\n<div class=\"wp-block-group is-vertical is-layout-flex wp-container-core-group-is-layout-8cf370e7 wp-block-group-is-layout-flex\">\n<h4 class=\"wp-block-heading has-neve-link-color-color has-text-color has-link-color wp-elements-2e6af53774a9023c2232af0bea0b09a4\">Accounting controls<\/h4>\n\n\n\n<div class=\"wp-block-group is-vertical is-layout-flex wp-container-core-group-is-layout-8cf370e7 wp-block-group-is-layout-flex\">\n<div class=\"wp-block-group is-vertical is-layout-flex wp-container-core-group-is-layout-8cf370e7 wp-block-group-is-layout-flex\">\n<div class=\"wp-block-group is-vertical is-layout-flex wp-container-core-group-is-layout-8cf370e7 wp-block-group-is-layout-flex\">\n<p style=\"font-size:16px\">Operational measures as close as possible to activities, aimed at detecting potential transactions involving corruption.<\/p>\n\n\n\n<ul class=\"wp-block-list\" style=\"font-size:16px\">\n<li>Controls integrated into business processes<\/li>\n\n\n\n<li>Development of 1st Level \/ 2nd Level control programs<\/li>\n<\/ul>\n<\/div>\n\n\n\n<p><\/p>\n\n\n\n<p><\/p>\n<\/div>\n<\/div>\n<\/div>\n<\/div>\n<\/div>\n\n\n\n<div class=\"wp-block-column is-layout-flow wp-block-column-is-layout-flow\">\n<div class=\"wp-block-group is-vertical is-layout-flex wp-container-core-group-is-layout-8cf370e7 wp-block-group-is-layout-flex\">\n<div class=\"wp-block-group is-vertical is-layout-flex wp-container-core-group-is-layout-8cf370e7 wp-block-group-is-layout-flex\">\n<h4 class=\"wp-block-heading has-neve-link-color-color has-text-color has-link-color wp-elements-886ffbe84cb28dd192fcfec0fa610748\">Control Environment<\/h4>\n\n\n\n<div class=\"wp-block-group is-vertical is-layout-flex wp-container-core-group-is-layout-8cf370e7 wp-block-group-is-layout-flex\">\n<p>Alignment of the control environment; internal control activities embedded within operational and support processes.<br>Integration of Compliance aspects in the definition of 1st level (operational), 2nd level (support functions) and 3rd level (Internal Audit) Control activities.<\/p>\n\n\n\n<ul class=\"wp-block-list\" style=\"font-size:16px\">\n<li>Global GRC approach<\/li>\n\n\n\n<li>Risk Management \/ Internal Control \/ Internal Audit <\/li>\n<\/ul>\n<\/div>\n<\/div>\n<\/div>\n<\/div>\n<\/div>\n\n\n\n<div style=\"height:29px\" aria-hidden=\"true\" class=\"wp-block-spacer\"><\/div>\n\n\n\n<div class=\"wp-block-columns is-layout-flex wp-container-core-columns-is-layout-9d6595d7 wp-block-columns-is-layout-flex\">\n<div class=\"wp-block-column is-layout-flow wp-block-column-is-layout-flow\" style=\"flex-basis:15%\"><\/div>\n\n\n\n<div class=\"wp-block-column is-layout-flow wp-block-column-is-layout-flow\" style=\"flex-basis:770px\">\n<blockquote class=\"wp-block-quote is-layout-flow wp-block-quote-is-layout-flow\" style=\"font-size:22px\">\n<p class=\"has-neve-link-hover-color-color has-text-color has-link-color wp-elements-dc6e3da3b926f94c23317e0d901ca17a\" style=\"font-size:22px\"><em>To support your Compliance program,<\/em><br><em>Ethicaline has developed a Compliance Application \u2013<\/em><br><em>GRC Portal centralized collection to manage, deploy,<\/em><br><em>lead your Governance, Risk &amp; Compliance projects<\/em><\/p>\n<cite><a href=\"https:\/\/ethicaline.fr\/en\/grc-portal\/\" data-type=\"page\" data-id=\"32\">Discover GRC Portal \u2013 application<\/a><\/cite><\/blockquote>\n<\/div>\n\n\n\n<div class=\"wp-block-column is-layout-flow wp-block-column-is-layout-flow\" style=\"flex-basis:15px\"><\/div>\n<\/div>\n\n\n\n<div style=\"height:29px\" aria-hidden=\"true\" class=\"wp-block-spacer\"><\/div>\n\n\n\n<div class=\"wp-block-columns is-layout-flex wp-container-core-columns-is-layout-9d6595d7 wp-block-columns-is-layout-flex\">\n<div class=\"wp-block-column is-layout-flow wp-block-column-is-layout-flow\">\n<div class=\"wp-block-group is-vertical is-layout-flex wp-container-core-group-is-layout-8cf370e7 wp-block-group-is-layout-flex\">\n<div class=\"wp-block-group is-vertical is-layout-flex wp-container-core-group-is-layout-8cf370e7 wp-block-group-is-layout-flex\">\n<h4 class=\"wp-block-heading has-neve-link-color-color has-text-color has-link-color wp-elements-61031be34adc863d4e626199d1927832\">Audit program \/ Anti-fraud investigation<\/h4>\n\n\n\n<div class=\"wp-block-group is-vertical is-layout-flex wp-container-core-group-is-layout-8cf370e7 wp-block-group-is-layout-flex\">\n<div class=\"wp-block-group is-vertical is-layout-flex wp-container-core-group-is-layout-8cf370e7 wp-block-group-is-layout-flex\">\n<div class=\"wp-block-group is-vertical is-layout-flex wp-container-core-group-is-layout-8cf370e7 wp-block-group-is-layout-flex\">\n<p style=\"font-size:16px\">Support for Internal Audit and Internal Control Departments, to raise awareness and train in fraud detection, during audit reviews of processes, subsidiaries, etc.<\/p>\n\n\n\n<ul class=\"wp-block-list\" style=\"font-size:16px\">\n<li>Training<\/li>\n\n\n\n<li>Detection programs<\/li>\n<\/ul>\n<\/div>\n\n\n\n<p><\/p>\n\n\n\n<p><\/p>\n<\/div>\n<\/div>\n<\/div>\n<\/div>\n<\/div>\n\n\n\n<div class=\"wp-block-column is-layout-flow wp-block-column-is-layout-flow\">\n<div class=\"wp-block-group is-vertical is-layout-flex wp-container-core-group-is-layout-8cf370e7 wp-block-group-is-layout-flex\">\n<div class=\"wp-block-group is-vertical is-layout-flex wp-container-core-group-is-layout-8cf370e7 wp-block-group-is-layout-flex\">\n<h4 class=\"wp-block-heading has-neve-link-color-color has-text-color has-link-color wp-elements-a35da827ad633a2ee65ba180fc886189\">Weak signal detection \u2013 Data Analytics<\/h4>\n\n\n\n<div class=\"wp-block-group is-vertical is-layout-flex wp-container-core-group-is-layout-8cf370e7 wp-block-group-is-layout-flex\">\n<p style=\"font-size:16px\">\u201cBig Data\u201d approach and cross-referencing of operational, business, accounting, legal, etc. data as part of an approach to detect weak signals and patterns of fraud and corruption.<br>A business approach but also an application one, with information monitoring applications.<\/p>\n\n\n\n<ul class=\"wp-block-list\" style=\"font-size:16px\">\n<li>Data Analytics<\/li>\n\n\n\n<li>Big Data <\/li>\n<\/ul>\n<\/div>\n<\/div>\n<\/div>\n<\/div>\n<\/div>\n\n\n\n<div style=\"height:203px\" aria-hidden=\"true\" class=\"wp-block-spacer\"><\/div>\n\n\n\n<a href=\"#\" id=\"scroll-to-top\"><\/a>","protected":false},"excerpt":{"rendered":"<p>. Expertise . Savoir-faire . Gestion de Projet . Exp\u00e9rience op\u00e9rationnelle . Programme de Compliance Conseil &amp;Accompagnement Obligation r\u00e9glementaire ouinitiative de bonne gouvernance Que ce soit dans la mise en conformit\u00e9 des obligations r\u00e9glementaires (Sapin 2, sanctions \u00e9conomiques OFAC, FCPA, UKBA,\u2026) ou initiative pour am\u00e9liorer la bonne gouvernance d\u2019entreprise, le d\u00e9ploiement de programme de compliance&hellip;&nbsp;<a href=\"https:\/\/ethicaline.fr\/en\/compliance-advisory\/\" rel=\"bookmark\">Read More &raquo;<span class=\"screen-reader-text\">Compliance Advisory<\/span><\/a><\/p>","protected":false},"author":1,"featured_media":6333,"parent":0,"menu_order":0,"comment_status":"closed","ping_status":"closed","template":"","meta":{"_uf_show_specific_survey":0,"_uf_disable_surveys":false,"neve_meta_sidebar":"","neve_meta_container":"","neve_meta_enable_content_width":"","neve_meta_content_width":0,"neve_meta_title_alignment":"","neve_meta_author_avatar":"","neve_post_elements_order":"","neve_meta_disable_header":"","neve_meta_disable_footer":"","neve_meta_disable_title":"on","footnotes":""},"class_list":["post-28","page","type-page","status-publish","has-post-thumbnail","hentry"],"_links":{"self":[{"href":"https:\/\/ethicaline.fr\/en\/wp-json\/wp\/v2\/pages\/28","targetHints":{"allow":["GET"]}}],"collection":[{"href":"https:\/\/ethicaline.fr\/en\/wp-json\/wp\/v2\/pages"}],"about":[{"href":"https:\/\/ethicaline.fr\/en\/wp-json\/wp\/v2\/types\/page"}],"author":[{"embeddable":true,"href":"https:\/\/ethicaline.fr\/en\/wp-json\/wp\/v2\/users\/1"}],"replies":[{"embeddable":true,"href":"https:\/\/ethicaline.fr\/en\/wp-json\/wp\/v2\/comments?post=28"}],"version-history":[{"count":1,"href":"https:\/\/ethicaline.fr\/en\/wp-json\/wp\/v2\/pages\/28\/revisions"}],"predecessor-version":[{"id":6715,"href":"https:\/\/ethicaline.fr\/en\/wp-json\/wp\/v2\/pages\/28\/revisions\/6715"}],"wp:featuredmedia":[{"embeddable":true,"href":"https:\/\/ethicaline.fr\/en\/wp-json\/wp\/v2\/media\/6333"}],"wp:attachment":[{"href":"https:\/\/ethicaline.fr\/en\/wp-json\/wp\/v2\/media?parent=28"}],"curies":[{"name":"wp","href":"https:\/\/api.w.org\/{rel}","templated":true}]}}