{"id":20,"date":"2023-11-17T14:45:19","date_gmt":"2023-11-17T13:45:19","guid":{"rendered":"https:\/\/staging.ethicaline.eu\/?page_id=20"},"modified":"2023-12-05T12:21:52","modified_gmt":"2023-12-05T11:21:52","slug":"due-diligence-business-intelligence","status":"publish","type":"page","link":"https:\/\/ethicaline.fr\/en\/due-diligence-business-intelligence\/","title":{"rendered":"Due Diligence &amp; Business Intelligence"},"content":{"rendered":"<div style=\"height:150px\" aria-hidden=\"true\" class=\"wp-block-spacer\"><\/div>\n\n\n\n<div class=\"wp-block-group is-vertical is-layout-flex wp-container-core-group-is-layout-8cf370e7 wp-block-group-is-layout-flex\">\n<h5>\n    <div class=\"slidingVertical\">\n      <span>. Compliance<\/span>\n      <span>. Pre-Post M&amp;A<\/span>\n      <span>. Reputational Risk<\/span>\n      <span>. Ultimate Beneficial Owners<\/span>\n      <span>. Sanctions - AML\/TF<\/span>\n    <\/div>\n<\/h5>\n\n\n\n<h1 class=\"wp-block-heading has-neve-link-hover-color-color has-text-color has-link-color wp-elements-8b5205c5c91cf3ca447fe457edbf4b08\" style=\"font-size:65px\">Due Diligence &amp;<br><mark style=\"background-color:rgba(0, 0, 0, 0)\" class=\"has-inline-color has-neve-link-color-color\">Business Intelligence<\/mark><\/h1>\n<\/div>\n\n\n\n<div class=\"wp-block-columns is-layout-flex wp-container-core-columns-is-layout-9d6595d7 wp-block-columns-is-layout-flex\">\n<div class=\"wp-block-column is-layout-flow wp-block-column-is-layout-flow\" style=\"flex-basis:35%\"><\/div>\n\n\n\n<div class=\"wp-block-column is-layout-flow wp-block-column-is-layout-flow\" style=\"flex-basis:50%\">\n<div style=\"height:29px\" aria-hidden=\"true\" class=\"wp-block-spacer\"><\/div>\n\n\n\n<figure class=\"wp-block-image size-full is-resized\"><img decoding=\"async\" width=\"158\" height=\"156\" src=\"https:\/\/ethicaline.fr\/wp-content\/uploads\/2023\/12\/arrow-grey_extention.png\" alt=\"\" class=\"wp-image-930\" style=\"width:130px\" srcset=\"https:\/\/ethicaline.fr\/wp-content\/uploads\/2023\/12\/arrow-grey_extention.png 158w, https:\/\/ethicaline.fr\/wp-content\/uploads\/2023\/12\/arrow-grey_extention-12x12.png 12w, https:\/\/ethicaline.fr\/wp-content\/uploads\/2023\/12\/arrow-grey_extention-100x100.png 100w\" sizes=\"(max-width: 158px) 100vw, 158px\" \/><\/figure>\n<\/div>\n<\/div>\n\n\n\n<div style=\"height:63px\" aria-hidden=\"true\" class=\"wp-block-spacer\"><\/div>\n\n\n\n<div class=\"wp-block-columns is-layout-flex wp-container-core-columns-is-layout-9d6595d7 wp-block-columns-is-layout-flex\">\n<div class=\"wp-block-column is-layout-flow wp-block-column-is-layout-flow\" style=\"flex-basis:80%\">\n<div class=\"wp-block-group\"><div class=\"wp-block-group__inner-container is-layout-constrained wp-block-group-is-layout-constrained\">\n<div class=\"wp-block-group is-vertical is-layout-flex wp-container-core-group-is-layout-8cf370e7 wp-block-group-is-layout-flex\">\n<h3 class=\"wp-block-heading has-neve-link-color-color has-text-color has-link-color wp-elements-27199d493fddb10fc32b4e1f50b0dd2b\"><mark style=\"background-color:rgba(0, 0, 0, 0)\" class=\"has-inline-color has-neve-link-hover-color-color\">Complexity of business interactions<\/mark>,<br>KYC, Compliance with regulations, M&amp;A \u2013 pre\/post acquisition<\/h3>\n\n\n\n<div class=\"wp-block-group is-vertical is-layout-flex wp-container-core-group-is-layout-8cf370e7 wp-block-group-is-layout-flex\">\n<p style=\"font-size:16px\">Taking into account exposure to risks emanating from interactions with external stakeholders is crucial and critical today, as the business environment has become complex, in the light of globalization and the entanglement of entrusted activities. to third parties, the multiplication of partners, transactions and sometimes the interconnection of management systems.<\/p>\n\n\n\n<p style=\"font-size:16px\">Furthermore, an increase in regulations to be respected: CSR, sanctions, AML\/CFT, SAPIN 2 anti-corruption law, duty of vigilance, Security, GDPR, etc. requires increased vigilance and prior and in-depth knowledge of stakeholders.<\/p>\n\n\n\n<p style=\"font-size:16px\">In this context of multiple issues, it is essential to know the stakeholders with whom organizations enter into business relationships.<\/p>\n<\/div>\n<\/div>\n<\/div><\/div>\n<\/div>\n\n\n\n<div class=\"wp-block-column is-layout-flow wp-block-column-is-layout-flow\" style=\"flex-basis:10%\"><\/div>\n<\/div>\n\n\n\n<div style=\"height:30px\" aria-hidden=\"true\" class=\"wp-block-spacer\"><\/div>\n\n\n\n<div class=\"wp-block-columns is-layout-flex wp-container-core-columns-is-layout-9d6595d7 wp-block-columns-is-layout-flex\">\n<div class=\"wp-block-column is-layout-flow wp-block-column-is-layout-flow\" style=\"flex-basis:10%\"><\/div>\n\n\n\n<div class=\"wp-block-column is-layout-flow wp-block-column-is-layout-flow\" style=\"flex-basis:66.66%\">\n<blockquote class=\"wp-block-quote is-layout-flow wp-block-quote-is-layout-flow\">\n<p class=\"has-neve-link-color-color has-text-color has-link-color wp-elements-2b6ce9df28b54a56514e7c48e80af9fb\" style=\"font-size:22px\"><em>Assessment of business risks and<\/em><br><em>of non-compliance exposure<\/em><br><em>in day-to-day business relationships<\/em><\/p>\n<\/blockquote>\n<\/div>\n<\/div>\n\n\n\n<div class=\"wp-block-columns is-layout-flex wp-container-core-columns-is-layout-9d6595d7 wp-block-columns-is-layout-flex\">\n<div class=\"wp-block-column is-layout-flow wp-block-column-is-layout-flow\" style=\"flex-basis:100%\">\n<div class=\"wp-block-media-text is-vertically-aligned-center has-background\" style=\"background:linear-gradient(135deg,rgb(17,17,18) 0%,rgb(76,76,76) 100%);grid-template-columns:25% auto\"><figure class=\"wp-block-media-text__media\"><img decoding=\"async\" width=\"1024\" height=\"527\" src=\"https:\/\/ethicaline.fr\/wp-content\/uploads\/2023\/11\/bg35-1024x527.png\" alt=\"\" class=\"wp-image-390 size-full\" srcset=\"https:\/\/ethicaline.fr\/wp-content\/uploads\/2023\/11\/bg35-1024x527.png 1024w, https:\/\/ethicaline.fr\/wp-content\/uploads\/2023\/11\/bg35-300x154.png 300w, https:\/\/ethicaline.fr\/wp-content\/uploads\/2023\/11\/bg35-768x395.png 768w, https:\/\/ethicaline.fr\/wp-content\/uploads\/2023\/11\/bg35-18x9.png 18w, https:\/\/ethicaline.fr\/wp-content\/uploads\/2023\/11\/bg35-600x309.png 600w, https:\/\/ethicaline.fr\/wp-content\/uploads\/2023\/11\/bg35.png 1200w\" sizes=\"(max-width: 1024px) 100vw, 1024px\" \/><\/figure><div class=\"wp-block-media-text__content\">\n<div class=\"wp-block-group wp-container-content-9cfa9a5a is-vertical is-nowrap is-layout-flex wp-container-core-group-is-layout-929c89a5 wp-block-group-is-layout-flex\">\n<h5 class=\"wp-block-heading has-nv-light-bg-color has-text-color has-link-color wp-elements-5630819936fadbb4e24667c5f2ef03a5\" style=\"font-size:23px\">Open Source Intelligence gathering<br>&nbsp;&nbsp;&nbsp;&nbsp;&amp;<br>Tiered levels of Investigative Due Diligence<\/h5>\n<\/div>\n<\/div><\/div>\n<\/div>\n\n\n\n<div class=\"wp-block-column is-layout-flow wp-block-column-is-layout-flow\" style=\"flex-basis:10%\"><\/div>\n<\/div>\n\n\n\n<div style=\"height:23px\" aria-hidden=\"true\" class=\"wp-block-spacer\"><\/div>\n\n\n\n<div class=\"wp-block-columns is-layout-flex wp-container-core-columns-is-layout-9d6595d7 wp-block-columns-is-layout-flex\">\n<div class=\"wp-block-column is-layout-flow wp-block-column-is-layout-flow\">\n<div class=\"wp-block-group is-vertical is-layout-flex wp-container-core-group-is-layout-8cf370e7 wp-block-group-is-layout-flex\">\n<div class=\"wp-block-group is-vertical is-layout-flex wp-container-core-group-is-layout-8cf370e7 wp-block-group-is-layout-flex\">\n<h4 class=\"wp-block-heading has-neve-link-color-color has-text-color has-link-color wp-elements-2691bae31faffd73f9d63ded154f279c\">Standard Due Diligence<\/h4>\n\n\n\n<div class=\"wp-block-group is-vertical is-layout-flex wp-container-core-group-is-layout-8cf370e7 wp-block-group-is-layout-flex\">\n<div class=\"wp-block-group is-vertical is-layout-flex wp-container-core-group-is-layout-8cf370e7 wp-block-group-is-layout-flex\">\n<div class=\"wp-block-group is-vertical is-layout-flex wp-container-core-group-is-layout-8cf370e7 wp-block-group-is-layout-flex\">\n<p style=\"font-size:16px\">Establishment of a global approach aimed at identifying stakeholders and mapping &amp; ranking of third parties, prior to determining the appropriate level of diligence.<\/p>\n\n\n\n<ul class=\"wp-block-list\" style=\"font-size:16px\">\n<li>KYC \u2013 KYS<\/li>\n\n\n\n<li>Screening \u2013 Public databases<\/li>\n\n\n\n<li>Open-Source Research \u2013 OSINT<\/li>\n<\/ul>\n<\/div>\n<\/div>\n<\/div>\n<\/div>\n<\/div>\n<\/div>\n\n\n\n<div class=\"wp-block-column is-layout-flow wp-block-column-is-layout-flow\">\n<div class=\"wp-block-group is-vertical is-layout-flex wp-container-core-group-is-layout-8cf370e7 wp-block-group-is-layout-flex\">\n<div class=\"wp-block-group is-vertical is-layout-flex wp-container-core-group-is-layout-8cf370e7 wp-block-group-is-layout-flex\">\n<h4 class=\"wp-block-heading has-neve-link-color-color has-text-color has-link-color wp-elements-74c5ad36dddf1515e5401293501707a2\">Enhanced Due Diligence<\/h4>\n\n\n\n<div class=\"wp-block-group is-vertical is-layout-flex wp-container-core-group-is-layout-8cf370e7 wp-block-group-is-layout-flex\">\n<p style=\"font-size:16px\">Collection of advanced information, analysis of the data collected (corruption, fraud, conflict of interest, AML-FT, events impacting governance, ethics, etc.), as part of M&amp;A operations;<br>Advanced investigations, with collection of information from local sources (on site), human sources.<\/p>\n\n\n\n<ul class=\"wp-block-list\" style=\"font-size:16px\">\n<li>Ultimate Beneficial Owners<\/li>\n\n\n\n<li>Media adverse events<\/li>\n\n\n\n<li>Social networks exposure<\/li>\n<\/ul>\n<\/div>\n<\/div>\n<\/div>\n<\/div>\n<\/div>\n\n\n\n<div style=\"height:122px\" aria-hidden=\"true\" class=\"wp-block-spacer\"><\/div>\n\n\n\n<div class=\"wp-block-columns is-layout-flex wp-container-core-columns-is-layout-9d6595d7 wp-block-columns-is-layout-flex\">\n<div class=\"wp-block-column is-layout-flow wp-block-column-is-layout-flow\" style=\"flex-basis:100%\">\n<div class=\"wp-block-media-text is-vertically-aligned-center has-neve-link-color-background-color has-background\" style=\"grid-template-columns:26% auto\"><figure class=\"wp-block-media-text__media\"><img decoding=\"async\" width=\"1024\" height=\"534\" src=\"https:\/\/ethicaline.fr\/wp-content\/uploads\/2023\/11\/bg36-1024x534.png\" alt=\"\" class=\"wp-image-396 size-full\" srcset=\"https:\/\/ethicaline.fr\/wp-content\/uploads\/2023\/11\/bg36-1024x534.png 1024w, https:\/\/ethicaline.fr\/wp-content\/uploads\/2023\/11\/bg36-300x157.png 300w, https:\/\/ethicaline.fr\/wp-content\/uploads\/2023\/11\/bg36-768x401.png 768w, https:\/\/ethicaline.fr\/wp-content\/uploads\/2023\/11\/bg36-18x9.png 18w, https:\/\/ethicaline.fr\/wp-content\/uploads\/2023\/11\/bg36-600x313.png 600w, https:\/\/ethicaline.fr\/wp-content\/uploads\/2023\/11\/bg36.png 1200w\" sizes=\"(max-width: 1024px) 100vw, 1024px\" \/><\/figure><div class=\"wp-block-media-text__content\">\n<div class=\"wp-block-group wp-container-content-9cfa9a5a is-vertical is-nowrap is-layout-flex wp-container-core-group-is-layout-929c89a5 wp-block-group-is-layout-flex\">\n<h5 class=\"wp-block-heading has-nv-light-bg-color has-text-color has-link-color wp-elements-16be9c291dc758c2d5c3b68714f10e2a\" style=\"font-size:23px\">Partners in<br><br>Investigative Due Diligence<\/h5>\n<\/div>\n<\/div><\/div>\n<\/div>\n\n\n\n<div class=\"wp-block-column is-layout-flow wp-block-column-is-layout-flow\" style=\"flex-basis:10%\"><\/div>\n<\/div>\n\n\n\n<div class=\"wp-block-columns is-layout-flex wp-container-core-columns-is-layout-9d6595d7 wp-block-columns-is-layout-flex\">\n<div class=\"wp-block-column is-layout-flow wp-block-column-is-layout-flow\">\n<div class=\"wp-block-group is-vertical is-layout-flex wp-container-core-group-is-layout-8cf370e7 wp-block-group-is-layout-flex\">\n<div class=\"wp-block-group is-vertical is-layout-flex wp-container-core-group-is-layout-8cf370e7 wp-block-group-is-layout-flex\">\n<h4 class=\"wp-block-heading has-neve-link-color-color has-text-color has-link-color wp-elements-f6b35cfb2bfd0bd269530485d38a1456\">Due Diligence Providers<\/h4>\n\n\n\n<div class=\"wp-block-group is-vertical is-layout-flex wp-container-core-group-is-layout-8cf370e7 wp-block-group-is-layout-flex\">\n<div class=\"wp-block-group is-vertical is-layout-flex wp-container-core-group-is-layout-8cf370e7 wp-block-group-is-layout-flex\">\n<div class=\"wp-block-group is-vertical is-layout-flex wp-container-core-group-is-layout-8cf370e7 wp-block-group-is-layout-flex\">\n<p style=\"font-size:16px\">Ethicaline works in collaboration and partnership with several players in France and abroad, specialized in&nbsp;<em>Business Intelligence<\/em>, in the collection and analysis of economic, strategic, competitive and reputational information.<\/p>\n\n\n\n<ul class=\"wp-block-list\" style=\"font-size:16px\">\n<li>Intelligence monitoring<\/li>\n\n\n\n<li>Strategic intelligence<\/li>\n\n\n\n<li>Business intelligence<\/li>\n<\/ul>\n<\/div>\n\n\n\n<p><\/p>\n\n\n\n<p><\/p>\n\n\n\n<p><\/p>\n<\/div>\n<\/div>\n<\/div>\n<\/div>\n<\/div>\n\n\n\n<div class=\"wp-block-column is-layout-flow wp-block-column-is-layout-flow\">\n<div class=\"wp-block-group is-vertical is-layout-flex wp-container-core-group-is-layout-8cf370e7 wp-block-group-is-layout-flex\">\n<div class=\"wp-block-group is-vertical is-layout-flex wp-container-core-group-is-layout-8cf370e7 wp-block-group-is-layout-flex\">\n<h4 class=\"wp-block-heading has-neve-link-color-color has-text-color has-link-color wp-elements-943d2af91794e69d38ad9ed016ade64b\">Network and international coverage<\/h4>\n\n\n\n<div class=\"wp-block-group is-vertical is-layout-flex wp-container-core-group-is-layout-8cf370e7 wp-block-group-is-layout-flex\">\n<p style=\"font-size:16px\">Relying on its own international network and those of partners, Ethicaline is able to cover most countries on all continents, to provide you with qualified decision-making intelligence based on analysts in the field.<\/p>\n\n\n\n<ul class=\"wp-block-list\" style=\"font-size:16px\">\n<li>On-site Intelligence gathering<\/li>\n\n\n\n<li>Human Intelligence gathering \u2013 <em>HUMINT<\/em> <\/li>\n<\/ul>\n<\/div>\n<\/div>\n<\/div>\n<\/div>\n<\/div>\n\n\n\n<div style=\"height:160px\" aria-hidden=\"true\" class=\"wp-block-spacer\"><\/div>\n\n\n\n<a href=\"#\" id=\"scroll-to-top\"><\/a>","protected":false},"excerpt":{"rendered":"<p>. Compliance . pr\u00e9-post M&#038;A . R\u00e9putationnel . B\u00e9n\u00e9ficiaires Ultimes . Sanctions &#8211; LCB\/FT Due Diligence &amp;Business Intelligence Complexit\u00e9 des interactions business,KYC, Respect des r\u00e9glementations, M&amp;A \u2013 pr\u00e9\/post acquisition La prise en compte de l\u2019exposition aux risques \u00e9manant des interaction avec les parties prenantes externes est aujourd\u2019hui cruciale et critique, tant l\u2019environnement business est devenu&hellip;&nbsp;<a href=\"https:\/\/ethicaline.fr\/en\/due-diligence-business-intelligence\/\" rel=\"bookmark\">Read More &raquo;<span class=\"screen-reader-text\">Due Diligence &amp; Business Intelligence<\/span><\/a><\/p>","protected":false},"author":1,"featured_media":6330,"parent":0,"menu_order":0,"comment_status":"closed","ping_status":"closed","template":"","meta":{"_uf_show_specific_survey":0,"_uf_disable_surveys":false,"neve_meta_sidebar":"","neve_meta_container":"","neve_meta_enable_content_width":"","neve_meta_content_width":0,"neve_meta_title_alignment":"","neve_meta_author_avatar":"","neve_post_elements_order":"","neve_meta_disable_header":"","neve_meta_disable_footer":"","neve_meta_disable_title":"on","footnotes":""},"class_list":["post-20","page","type-page","status-publish","has-post-thumbnail","hentry"],"_links":{"self":[{"href":"https:\/\/ethicaline.fr\/en\/wp-json\/wp\/v2\/pages\/20","targetHints":{"allow":["GET"]}}],"collection":[{"href":"https:\/\/ethicaline.fr\/en\/wp-json\/wp\/v2\/pages"}],"about":[{"href":"https:\/\/ethicaline.fr\/en\/wp-json\/wp\/v2\/types\/page"}],"author":[{"embeddable":true,"href":"https:\/\/ethicaline.fr\/en\/wp-json\/wp\/v2\/users\/1"}],"replies":[{"embeddable":true,"href":"https:\/\/ethicaline.fr\/en\/wp-json\/wp\/v2\/comments?post=20"}],"version-history":[{"count":0,"href":"https:\/\/ethicaline.fr\/en\/wp-json\/wp\/v2\/pages\/20\/revisions"}],"wp:featuredmedia":[{"embeddable":true,"href":"https:\/\/ethicaline.fr\/en\/wp-json\/wp\/v2\/media\/6330"}],"wp:attachment":[{"href":"https:\/\/ethicaline.fr\/en\/wp-json\/wp\/v2\/media?parent=20"}],"curies":[{"name":"wp","href":"https:\/\/api.w.org\/{rel}","templated":true}]}}